{"id":1729,"date":"2021-04-20T13:16:23","date_gmt":"2021-04-20T13:16:23","guid":{"rendered":"http:\/\/localhost\/pagina%20custodiar\/?page_id=1729"},"modified":"2025-02-10T14:10:54","modified_gmt":"2025-02-10T14:10:54","slug":"proceso-de-gestion-de-riesgos","status":"publish","type":"page","link":"https:\/\/custodiarltda.com\/index.php\/proceso-de-gestion-de-riesgos\/","title":{"rendered":"\u00bfQU\u00c9 METODOLOG\u00cdA DE TRABAJO UTILIZAMOS?"},"content":{"rendered":"<p>[vc_row bg_type=\u00bbbg_color\u00bb bg_override=\u00bbex-full\u00bb css=\u00bb.vc_custom_1618327766468{padding-top: 100px !important;padding-bottom: 100px !important;}\u00bb bg_color_value=\u00bb#0a0a0a\u00bb][vc_column][vc_custom_heading text=\u00bbPROCESO DE GESTI\u00d3N DE RIESGOS EN SEGURIDAD\u00bb font_container=\u00bbtag:h2|text_align:center|color:%23f9f9f9&#8243; use_theme_fonts=\u00bbyes\u00bb][vc_row_inner css=\u00bb.vc_custom_1493070015954{margin-top: 10px !important;}\u00bb][vc_column_inner width=\u00bb1\/4&#8243;][\/vc_column_inner][vc_column_inner width=\u00bb1\/2&#8243;][vc_custom_heading text=\u00bb\u00bb font_container=\u00bbtag:p|font_size:1.2em|text_align:center|color:%23b5b5b5|line_height:1.4em\u00bb use_theme_fonts=\u00bbyes\u00bb el_class=\u00bbno-letter-spacing\u00bb][\/vc_column_inner][vc_column_inner width=\u00bb1\/4&#8243;][\/vc_column_inner][\/vc_row_inner][vc_empty_space height=\u00bb60px\u00bb][vc_row_inner][vc_column_inner width=\u00bb1\/3&#8243; css=\u00bb.vc_custom_1463051541464{padding-right: 20px !important;padding-left: 20px !important;}\u00bb][vc_hoverbox image=\u00bb2438&#8243; primary_title=\u00bb\u00bfQU\u00c9 VAMOS A PROTEGER?\u00bb primary_title_font_container=\u00bbfont_size:15|color:%23ffffff\u00bb primary_title_use_theme_fonts=\u00bbyes\u00bb hover_title=\u00bb\u00bb hover_title_font_container=\u00bbfont_size:12&#8243; hover_title_use_theme_fonts=\u00bbyes\u00bb hover_background_color=\u00bbcustom\u00bb use_custom_fonts_primary_title=\u00bbtrue\u00bb use_custom_fonts_hover_title=\u00bbtrue\u00bb hover_custom_background=\u00bb#ecbd11&#8243;]<img decoding=\"async\" class=\"alignnone size-full wp-image-2452 lazyload\" data-src=\"https:\/\/custodiarltda.com\/wp-content\/uploads\/2022\/02\/quevamos-a-proteger-8.png\" alt=\"\" width=\"1418\" height=\"1668\" src=\"data:image\/svg+xml;base64,PHN2ZyB3aWR0aD0iMSIgaGVpZ2h0PSIxIiB4bWxucz0iaHR0cDovL3d3dy53My5vcmcvMjAwMC9zdmciPjwvc3ZnPg==\" style=\"--smush-placeholder-width: 1418px; --smush-placeholder-aspect-ratio: 1418\/1668;\" \/>[\/vc_hoverbox][\/vc_column_inner][vc_column_inner width=\u00bb1\/3&#8243; css=\u00bb.vc_custom_1463051549047{padding-right: 20px !important;padding-left: 20px !important;}\u00bb][vc_hoverbox image=\u00bb2097&#8243; primary_title=\u00bb\u00bfCONTRA QU\u00c9 LO VAMOS A PROTEGER?\u00bb primary_title_font_container=\u00bbfont_size:15|color:%23ffffff\u00bb primary_title_use_theme_fonts=\u00bbyes\u00bb hover_title=\u00bb\u00bb hover_title_font_container=\u00bbfont_size:12&#8243; hover_title_use_theme_fonts=\u00bbyes\u00bb hover_background_color=\u00bbcustom\u00bb use_custom_fonts_primary_title=\u00bbtrue\u00bb use_custom_fonts_hover_title=\u00bbtrue\u00bb hover_custom_background=\u00bb#ecbd11&#8243;]<img decoding=\"async\" class=\"alignnone size-full wp-image-2444 lazyload\" data-src=\"https:\/\/custodiarltda.com\/wp-content\/uploads\/2022\/02\/Recurso-5.png\" alt=\"\" width=\"1418\" height=\"1656\" src=\"data:image\/svg+xml;base64,PHN2ZyB3aWR0aD0iMSIgaGVpZ2h0PSIxIiB4bWxucz0iaHR0cDovL3d3dy53My5vcmcvMjAwMC9zdmciPjwvc3ZnPg==\" style=\"--smush-placeholder-width: 1418px; --smush-placeholder-aspect-ratio: 1418\/1656;\" \/>[\/vc_hoverbox][\/vc_column_inner][vc_column_inner width=\u00bb1\/3&#8243; css=\u00bb.vc_custom_1463051563183{padding-right: 20px !important;padding-left: 20px !important;}\u00bb][vc_hoverbox image=\u00bb2101&#8243; primary_title=\u00bb\u00bfQU\u00c9 T\u00c9CNICAS EMPLEAMOS?\u00bb primary_title_font_container=\u00bbfont_size:15|color:%23ffffff\u00bb primary_title_use_theme_fonts=\u00bbyes\u00bb hover_title=\u00bb\u00bb hover_title_font_container=\u00bbfont_size:12&#8243; hover_title_use_theme_fonts=\u00bbyes\u00bb hover_background_color=\u00bbcustom\u00bb use_custom_fonts_primary_title=\u00bbtrue\u00bb use_custom_fonts_hover_title=\u00bbtrue\u00bb hover_custom_background=\u00bb#ecbd11&#8243;]<img decoding=\"async\" class=\"alignnone size-full wp-image-2454 lazyload\" data-src=\"https:\/\/custodiarltda.com\/wp-content\/uploads\/2022\/02\/que-tecnicas-empleamos-8.png\" alt=\"\" width=\"1418\" height=\"1668\" src=\"data:image\/svg+xml;base64,PHN2ZyB3aWR0aD0iMSIgaGVpZ2h0PSIxIiB4bWxucz0iaHR0cDovL3d3dy53My5vcmcvMjAwMC9zdmciPjwvc3ZnPg==\" style=\"--smush-placeholder-width: 1418px; --smush-placeholder-aspect-ratio: 1418\/1668;\" \/>[\/vc_hoverbox][\/vc_column_inner][\/vc_row_inner][vc_custom_heading text=\u00bb\u00bfPARA QU\u00c9?\u00bb font_container=\u00bbtag:h2|text_align:center|color:%23ffffff\u00bb use_theme_fonts=\u00bbyes\u00bb][vc_custom_heading text=\u00bbPrevenir, evitar y controlar los riesgos de origen delictivo o reducir la probabilidad de ocurrencia y\/o consecuencia en caso de su materializaci\u00f3n.\u00bb font_container=\u00bbtag:h4|text_align:center|color:%23ffffff\u00bb use_theme_fonts=\u00bbyes\u00bb][\/vc_column][\/vc_row][vc_row bg_type=\u00bbbg_color\u00bb bg_override=\u00bbfull\u00bb bg_color_value=\u00bb#ffffff\u00bb][vc_column width=\u00bb1\/2&#8243;][vc_empty_space height=\u00bb15px\u00bb][vc_hoverbox image=\u00bb3467&#8243; primary_title=\u00bb\u00bb primary_align=\u00bbjustify\u00bb primary_title_font_container=\u00bbfont_size:30&#8243; primary_title_use_theme_fonts=\u00bbyes\u00bb hover_title=\u00bb\u00bb hover_align=\u00bbjustify\u00bb hover_title_font_container=\u00bbfont_size:38|color:%230a0a0a\u00bb hover_title_use_theme_fonts=\u00bbyes\u00bb shape=\u00bbsquare\u00bb hover_background_color=\u00bbwhite\u00bb align=\u00bbleft\u00bb css_animation=\u00bbfadeIn\u00bb use_custom_fonts_primary_title=\u00bbtrue\u00bb use_custom_fonts_hover_title=\u00bbtrue\u00bb]<\/p>\n<p>&nbsp;<\/p>\n<h1 style=\"text-align: center;\">Seguridad F\u00edsica<\/h1>\n<p style=\"text-align: center;\"><span style=\"color: #000000;\">Es el conjunto de recursos (Humanos, t\u00e9cnicos, f\u00edsicos, animales y financieros), y el conjunto de pol\u00edticas, procedimientos, programas, planes y normas necesarias para la protecci\u00f3n de la integridad f\u00edsica de las personas y la seguridad de los activos, los procesos, las operaciones y la informaci\u00f3n contra los riesgos de origen delictivo, producidos por personas extra\u00f1as o propias de una organizaci\u00f3n, con la intenci\u00f3n\u00a0 de ocasionar perdidas o da\u00f1os en provecho propio o de terceros.<\/span><\/p>\n<p>&nbsp;<\/p>\n<p>&nbsp;<\/p>\n<p>&nbsp;<\/p>\n<p>[\/vc_hoverbox][vc_empty_space height=\u00bb15px\u00bb][\/vc_column][vc_column width=\u00bb1\/2&#8243;][vc_empty_space height=\u00bb55px\u00bb css=\u00bb.vc_custom_1646762048650{padding-left: 0px !important;}\u00bb][vc_empty_space height=\u00bb55px\u00bb css=\u00bb.vc_custom_1646762048650{padding-left: 0px !important;}\u00bb][vc_empty_space height=\u00bb22px\u00bb]<div id=\"ultimate-heading-18669eb76ed2ccec\" class=\"uvc-heading ult-adjust-bottom-margin ultimate-heading-18669eb76ed2ccec uvc-6938 \" data-hspacer=\"no_spacer\"  data-halign=\"center\" style=\"text-align:center\"><div class=\"uvc-heading-spacer no_spacer\" style=\"top\"><\/div><div class=\"uvc-main-heading ult-responsive\"  data-ultimate-target='.uvc-heading.ultimate-heading-18669eb76ed2ccec h2'  data-responsive-json-new='{\"font-size\":\"desktop:25px;\",\"line-height\":\"\"}' ><h2 style=\"font-weight:bold;\">PROPONEMOS UN TRATAMIENTO<\/h2><\/div><div class=\"uvc-sub-heading ult-responsive\"  data-ultimate-target='.uvc-heading.ultimate-heading-18669eb76ed2ccec .uvc-sub-heading '  data-responsive-json-new='{\"font-size\":\"desktop:15px;\",\"line-height\":\"\"}'  style=\"font-weight:normal;color:#000000;\"><\/p>\n<p style=\"text-align: center;\">Seguimos las pol\u00edticas, est\u00e1ndares, normas y procedimientos necesarios, recomendamos la instalaci\u00f3n o reubicaci\u00f3n de dispositivos de seguridad electr\u00f3nica, (CCTV, control de acceso, cerramiento perimetral, alarmas de intrusi\u00f3n, supervisi\u00f3n remota, seguimiento satelital, control electr\u00f3nico de rondas, etc.), la utilizaci\u00f3n de recursos f\u00edsicos (Garitas, armas, cerraduras, barreras, etc.)\u00a0 que permitan modificar, reducir y controlar los riesgos identificados y aumentar el nivel de seguridad y protecci\u00f3n dentro de la\u00a0mejor relaci\u00f3n <strong>costo \u2013 beneficio<\/strong>, generando cultura de seguridad y autoprotecci\u00f3n.<\/p>\n<p><\/div><\/div>[vc_empty_space][\/vc_column][\/vc_row][vc_row bg_type=\u00bbbg_color\u00bb bg_override=\u00bbfull\u00bb bg_color_value=\u00bb#0a0a0a\u00bb css=\u00bb.vc_custom_1632229454151{padding-top: 50px !important;}\u00bb][vc_column width=\u00bb1\/6&#8243;][\/vc_column][vc_column width=\u00bb2\/3&#8243;][vc_custom_heading text=\u00bbAN\u00c1LISIS DE SEGURIDAD Y RIESGO\u00bb font_container=\u00bbtag:h3|text_align:center|color:%23ffffff\u00bb use_theme_fonts=\u00bbyes\u00bb][\/vc_column][vc_column width=\u00bb1\/6&#8243;][\/vc_column][\/vc_row][vc_row bg_type=\u00bbbg_color\u00bb bg_override=\u00bbfull\u00bb bg_color_value=\u00bb#0a0a0a\u00bb][\/vc_row][vc_row bg_type=\u00bbbg_color\u00bb bg_override=\u00bbfull\u00bb bg_color_value=\u00bb#0a0a0a\u00bb][vc_column]<div class=\"ult-spacer spacer-69eb76ed2cd31\" data-id=\"69eb76ed2cd31\" data-height=\"40\" data-height-mobile=\"40\" data-height-tab=\"40\" data-height-tab-portrait=\"\" data-height-mobile-landscape=\"\" style=\"clear:both;display:block;\"><\/div>[\/vc_column][vc_column width=\u00bb1\/4&#8243;][vc_single_image image=\u00bb3633&#8243; img_size=\u00bbmedium\u00bb style=\u00bbvc_box_shadow_3d\u00bb onclick=\u00bblink_image\u00bb][\/vc_column][vc_column width=\u00bb1\/6&#8243;]<div class=\"flip-box-wrap\" style=\"\"><div class=\"flip-box ifb-jq-height  horizontal_flip_left flip-ifb-jq-height\" data-animation=\"\" data-animation-delay=\"03\" style=\"\" ><div class=\"ifb-flip-box\" id=\"flip-box-wrap-1442\"><div class=\"ifb-face ifb-front \" style=\"color:#333333;background:#68d619;  border-color:#A4A4A4; \">\r\n\t\t\t\t\t\t\t<div class=\"ifb-flip-box-section ifb-flip-box-section-vertical-middle\">\r\n\t\t\t\t\t\t\t<h5 class=\"ult-responsive flipbox_heading\"  data-ultimate-target='#flip-box-wrap-1442 .ult-responsive.flipbox_heading'  data-responsive-json-new='{\"font-size\":\"\",\"line-height\":\"\"}'  style=\"color:#333333; \">BUENO<\/h5><\/div><\/div><!-- END .front -->\r\n\t\t\t\t\t\t<div class=\"ifb-face ifb-back\" style=\"color:#333333;background:#efefef;  border-color:#A4A4A4; \">\r\n\t\t\t\t\t\t\t<div class=\"ifb-flip-box-section ifb-flip-box-section-vertical-middle\"><div class=\"ifb-flip-box-section-content ult-responsive\"  data-ultimate-target='#flip-box-wrap-1442 .ifb-flip-box-section-content.ult-responsive'  data-responsive-json-new='{\"font-size\":\"\",\"line-height\":\"\"}'  style=\"color:#333333;\"><p>76-100<\/p><\/div><\/div><\/div><!-- END .back --><\/div> <!-- ifb-flip-box --><\/div> <!-- flip-box --><\/div><!-- End icon block -->[\/vc_column][vc_column width=\u00bb1\/6&#8243;]<div class=\"flip-box-wrap\" style=\"\"><div class=\"flip-box ifb-jq-height  horizontal_flip_left flip-ifb-jq-height\" data-animation=\"\" data-animation-delay=\"03\" style=\"\" ><div class=\"ifb-flip-box\" id=\"flip-box-wrap-9584\"><div class=\"ifb-face ifb-front \" style=\"color:#000000;background:#eeee22;  border-color:#A4A4A4; \">\r\n\t\t\t\t\t\t\t<div class=\"ifb-flip-box-section ifb-flip-box-section-vertical-middle\">\r\n\t\t\t\t\t\t\t<h5 class=\"ult-responsive flipbox_heading\"  data-ultimate-target='#flip-box-wrap-9584 .ult-responsive.flipbox_heading'  data-responsive-json-new='{\"font-size\":\"\",\"line-height\":\"\"}'  style=\"color:#000000; \">ACEPTABLE<\/h5><\/div><\/div><!-- END .front -->\r\n\t\t\t\t\t\t<div class=\"ifb-face ifb-back\" style=\"color:#333333;background:#efefef;  border-color:#A4A4A4; \">\r\n\t\t\t\t\t\t\t<div class=\"ifb-flip-box-section ifb-flip-box-section-vertical-middle\"><div class=\"ifb-flip-box-section-content ult-responsive\"  data-ultimate-target='#flip-box-wrap-9584 .ifb-flip-box-section-content.ult-responsive'  data-responsive-json-new='{\"font-size\":\"\",\"line-height\":\"\"}'  style=\"color:#333333;\"><p>51-75<\/p><\/div><\/div><\/div><!-- END .back --><\/div> <!-- ifb-flip-box --><\/div> <!-- flip-box --><\/div><!-- End icon block -->[\/vc_column][vc_column width=\u00bb1\/6&#8243;]<div class=\"flip-box-wrap\" style=\"\"><div class=\"flip-box ifb-jq-height  horizontal_flip_left flip-ifb-jq-height\" data-animation=\"\" data-animation-delay=\"03\" style=\"\" ><div class=\"ifb-flip-box\" id=\"flip-box-wrap-7117\"><div class=\"ifb-face ifb-front \" style=\"color:#333333;background:#eaa910;  border-color:#A4A4A4; \">\r\n\t\t\t\t\t\t\t<div class=\"ifb-flip-box-section ifb-flip-box-section-vertical-middle\">\r\n\t\t\t\t\t\t\t<h3 class=\"ult-responsive flipbox_heading\"  data-ultimate-target='#flip-box-wrap-7117 .ult-responsive.flipbox_heading'  data-responsive-json-new='{\"font-size\":\"\",\"line-height\":\"\"}'  style=\"color:#333333; \">REGULAR<\/h3><\/div><\/div><!-- END .front -->\r\n\t\t\t\t\t\t<div class=\"ifb-face ifb-back\" style=\"color:#333333;background:#efefef;  border-color:#A4A4A4; \">\r\n\t\t\t\t\t\t\t<div class=\"ifb-flip-box-section ifb-flip-box-section-vertical-middle\"><div class=\"ifb-flip-box-section-content ult-responsive\"  data-ultimate-target='#flip-box-wrap-7117 .ifb-flip-box-section-content.ult-responsive'  data-responsive-json-new='{\"font-size\":\"\",\"line-height\":\"\"}'  style=\"color:#333333;\"><p>25-50<\/p><\/div><\/div><\/div><!-- END .back --><\/div> <!-- ifb-flip-box --><\/div> <!-- flip-box --><\/div><!-- End icon block -->[\/vc_column][vc_column width=\u00bb1\/5&#8243;]<div class=\"flip-box-wrap\" style=\"\"><div class=\"flip-box ifb-jq-height  horizontal_flip_left flip-ifb-jq-height\" data-animation=\"\" data-animation-delay=\"03\" style=\"\" ><div class=\"ifb-flip-box\" id=\"flip-box-wrap-6282\"><div class=\"ifb-face ifb-front \" style=\"color:#333333;background:#dd3333;  border-color:#A4A4A4; \">\r\n\t\t\t\t\t\t\t<div class=\"ifb-flip-box-section ifb-flip-box-section-vertical-middle\">\r\n\t\t\t\t\t\t\t<h5 class=\"ult-responsive flipbox_heading\"  data-ultimate-target='#flip-box-wrap-6282 .ult-responsive.flipbox_heading'  data-responsive-json-new='{\"font-size\":\"\",\"line-height\":\"\"}'  style=\"color:#333333; \">DEFICIENTE<\/h5><\/div><\/div><!-- END .front -->\r\n\t\t\t\t\t\t<div class=\"ifb-face ifb-back\" style=\"color:#333333;background:#efefef;  border-color:#A4A4A4; \">\r\n\t\t\t\t\t\t\t<div class=\"ifb-flip-box-section ifb-flip-box-section-vertical-middle\"><div class=\"ifb-flip-box-section-content ult-responsive\"  data-ultimate-target='#flip-box-wrap-6282 .ifb-flip-box-section-content.ult-responsive'  data-responsive-json-new='{\"font-size\":\"\",\"line-height\":\"\"}'  style=\"color:#333333;\"><p>0-25<\/p><\/div><\/div><\/div><!-- END .back --><\/div> <!-- ifb-flip-box --><\/div> <!-- flip-box --><\/div><!-- End icon block -->[\/vc_column][\/vc_row][vc_row bg_type=\u00bbbg_color\u00bb bg_override=\u00bbfull\u00bb bg_color_value=\u00bb#0a0a0a\u00bb][vc_column width=\u00bb1\/4&#8243;][vc_single_image image=\u00bb3490&#8243; img_size=\u00bbmedium\u00bb style=\u00bbvc_box_shadow_3d\u00bb onclick=\u00bblink_image\u00bb][\/vc_column][vc_column width=\u00bb1\/6&#8243;]<div class=\"flip-box-wrap\" style=\"\"><div class=\"flip-box ifb-jq-height  horizontal_flip_left flip-ifb-jq-height\" data-animation=\"\" data-animation-delay=\"03\" style=\"\" ><div class=\"ifb-flip-box\" id=\"flip-box-wrap-9686\"><div class=\"ifb-face ifb-front \" style=\"color:#333333;background:#68d619;  border-color:#A4A4A4; \">\r\n\t\t\t\t\t\t\t<div class=\"ifb-flip-box-section ifb-flip-box-section-vertical-middle\">\r\n\t\t\t\t\t\t\t<h5 class=\"ult-responsive flipbox_heading\"  data-ultimate-target='#flip-box-wrap-9686 .ult-responsive.flipbox_heading'  data-responsive-json-new='{\"font-size\":\"\",\"line-height\":\"\"}'  style=\"color:#333333; \">RIESGO BAJO<\/h5><\/div><\/div><!-- END .front -->\r\n\t\t\t\t\t\t<div class=\"ifb-face ifb-back\" style=\"color:#333333;background:#efefef;  border-color:#A4A4A4; \">\r\n\t\t\t\t\t\t\t<div class=\"ifb-flip-box-section ifb-flip-box-section-vertical-middle\"><div class=\"ifb-flip-box-section-content ult-responsive\"  data-ultimate-target='#flip-box-wrap-9686 .ifb-flip-box-section-content.ult-responsive'  data-responsive-json-new='{\"font-size\":\"desktop:12px;\",\"line-height\":\"\"}'  style=\"color:#333333;\"><p>Los riesgos pueden ser tratados con controles en las \u00e1reas comprometidas. Deben observarse las precauciones normales.<\/p><\/div><\/div><\/div><!-- END .back --><\/div> <!-- ifb-flip-box --><\/div> <!-- flip-box --><\/div><!-- End icon block -->[\/vc_column][vc_column width=\u00bb1\/6&#8243;]<div class=\"flip-box-wrap\" style=\"\"><div class=\"flip-box ifb-jq-height  horizontal_flip_left flip-ifb-jq-height\" data-animation=\"\" data-animation-delay=\"03\" style=\"\" ><div class=\"ifb-flip-box\" id=\"flip-box-wrap-5375\"><div class=\"ifb-face ifb-front \" style=\"color:#000000;background:#eeee22;  border-color:#A4A4A4; \">\r\n\t\t\t\t\t\t\t<div class=\"ifb-flip-box-section ifb-flip-box-section-vertical-middle\">\r\n\t\t\t\t\t\t\t<h5 class=\"ult-responsive flipbox_heading\"  data-ultimate-target='#flip-box-wrap-5375 .ult-responsive.flipbox_heading'  data-responsive-json-new='{\"font-size\":\"\",\"line-height\":\"\"}'  style=\"color:#000000; \">RIESGO MODERADO<\/h5><\/div><\/div><!-- END .front -->\r\n\t\t\t\t\t\t<div class=\"ifb-face ifb-back\" style=\"color:#333333;background:#efefef;  border-color:#A4A4A4; \">\r\n\t\t\t\t\t\t\t<div class=\"ifb-flip-box-section ifb-flip-box-section-vertical-middle\"><div class=\"ifb-flip-box-section-content ult-responsive\"  data-ultimate-target='#flip-box-wrap-5375 .ifb-flip-box-section-content.ult-responsive'  data-responsive-json-new='{\"font-size\":\"desktop:12px;\",\"line-height\":\"\"}'  style=\"color:#333333;\"><p>La seguridad debe reforzarse a mediano plazo. Se deben tomar las medidas necesarias para llevar el riesgo a niveles aceptables.<\/p><\/div><\/div><\/div><!-- END .back --><\/div> <!-- ifb-flip-box --><\/div> <!-- flip-box --><\/div><!-- End icon block -->[\/vc_column][vc_column width=\u00bb1\/6&#8243;]<div class=\"flip-box-wrap\" style=\"\"><div class=\"flip-box ifb-jq-height  horizontal_flip_left flip-ifb-jq-height\" data-animation=\"\" data-animation-delay=\"03\" style=\"\" ><div class=\"ifb-flip-box\" id=\"flip-box-wrap-2737\"><div class=\"ifb-face ifb-front \" style=\"color:#333333;background:#eaa910;  border-color:#A4A4A4; \">\r\n\t\t\t\t\t\t\t<div class=\"ifb-flip-box-section ifb-flip-box-section-vertical-middle\">\r\n\t\t\t\t\t\t\t<h3 class=\"ult-responsive flipbox_heading\"  data-ultimate-target='#flip-box-wrap-2737 .ult-responsive.flipbox_heading'  data-responsive-json-new='{\"font-size\":\"\",\"line-height\":\"\"}'  style=\"color:#333333; \">RIESGO ALTO<\/h3><\/div><\/div><!-- END .front -->\r\n\t\t\t\t\t\t<div class=\"ifb-face ifb-back\" style=\"color:#333333;background:#efefef;  border-color:#A4A4A4; \">\r\n\t\t\t\t\t\t\t<div class=\"ifb-flip-box-section ifb-flip-box-section-vertical-middle\"><div class=\"ifb-flip-box-section-content ult-responsive\"  data-ultimate-target='#flip-box-wrap-2737 .ifb-flip-box-section-content.ult-responsive'  data-responsive-json-new='{\"font-size\":\"desktop:12px;\",\"line-height\":\"\"}'  style=\"color:#333333;\"><p>Se debe reforzar la seguridad prontamennte. Se debe hacer un esfuerzo mayor para reducir el riesgo a nivel moderado y aceptable.<\/p><\/div><\/div><\/div><!-- END .back --><\/div> <!-- ifb-flip-box --><\/div> <!-- flip-box --><\/div><!-- End icon block -->[\/vc_column][vc_column width=\u00bb1\/5&#8243;]<div class=\"flip-box-wrap\" style=\"\"><div class=\"flip-box ifb-jq-height  horizontal_flip_left flip-ifb-jq-height\" data-animation=\"\" data-animation-delay=\"03\" style=\"\" ><div class=\"ifb-flip-box\" id=\"flip-box-wrap-4257\"><div class=\"ifb-face ifb-front \" style=\"color:#333333;background:#dd3333;  border-color:#A4A4A4; \">\r\n\t\t\t\t\t\t\t<div class=\"ifb-flip-box-section ifb-flip-box-section-vertical-middle\">\r\n\t\t\t\t\t\t\t<h3 class=\"ult-responsive flipbox_heading\"  data-ultimate-target='#flip-box-wrap-4257 .ult-responsive.flipbox_heading'  data-responsive-json-new='{\"font-size\":\"\",\"line-height\":\"\"}'  style=\"color:#333333; \">RIESGO CR\u00cdTICO<\/h3><\/div><\/div><!-- END .front -->\r\n\t\t\t\t\t\t<div class=\"ifb-face ifb-back\" style=\"color:#333333;background:#efefef;  border-color:#A4A4A4; \">\r\n\t\t\t\t\t\t\t<div class=\"ifb-flip-box-section ifb-flip-box-section-vertical-middle\"><div class=\"ifb-flip-box-section-content ult-responsive\"  data-ultimate-target='#flip-box-wrap-4257 .ifb-flip-box-section-content.ult-responsive'  data-responsive-json-new='{\"font-size\":\"desktop:12px;\",\"line-height\":\"\"}'  style=\"color:#333333;\"><p>Alto potencial de perdidas si no se implementan medidas de seguridad inmediatas. Requiere tratamiento prioritario con controles que reduzcan la posibilidad de ocurrencia del riesgo o disminuci\u00f3n del impcacto.<\/p><\/div><\/div><\/div><!-- END .back --><\/div> <!-- ifb-flip-box --><\/div> <!-- flip-box --><\/div><!-- End icon block -->[\/vc_column][\/vc_row][vc_row][vc_column][vc_separator border_width=\u00bb8&#8243;][\/vc_column][\/vc_row][vc_column][\/vc_column][vc_column_inner width=\u00bb1\/2&#8243; css=\u00bb.vc_custom_1474056192226{padding-left: 25px !important;}\u00bb][\/vc_column_inner]<\/p>\n","protected":false},"excerpt":{"rendered":"<p>[vc_row bg_type=\u00bbbg_color\u00bb bg_override=\u00bbex-full\u00bb css=\u00bb.vc_custom_1618327766468{padding-top: 100px !important;padding-bottom: 100px !important;}\u00bb bg_color_value=\u00bb#0a0a0a\u00bb][vc_column][vc_custom_heading text=\u00bbPROCESO DE GESTI\u00d3N DE RIESGOS EN SEGURIDAD\u00bb font_container=\u00bbtag:h2|text_align:center|color:%23f9f9f9&#8243; use_theme_fonts=\u00bbyes\u00bb][vc_row_inner css=\u00bb.vc_custom_1493070015954{margin-top: 10px !important;}\u00bb][vc_column_inner width=\u00bb1\/4&#8243;][\/vc_column_inner][vc_column_inner width=\u00bb1\/2&#8243;][vc_custom_heading text=\u00bb\u00bb font_container=\u00bbtag:p|font_size:1.2em|text_align:center|color:%23b5b5b5|line_height:1.4em\u00bb use_theme_fonts=\u00bbyes\u00bb el_class=\u00bbno-letter-spacing\u00bb][\/vc_column_inner][vc_column_inner width=\u00bb1\/4&#8243;][\/vc_column_inner][\/vc_row_inner][vc_empty_space height=\u00bb60px\u00bb][vc_row_inner][vc_column_inner width=\u00bb1\/3&#8243; css=\u00bb.vc_custom_1463051541464{padding-right: 20px !important;padding-left: 20px !important;}\u00bb][vc_hoverbox image=\u00bb2438&#8243; primary_title=\u00bb\u00bfQU\u00c9 VAMOS A PROTEGER?\u00bb primary_title_font_container=\u00bbfont_size:15|color:%23ffffff\u00bb primary_title_use_theme_fonts=\u00bbyes\u00bb hover_title=\u00bb\u00bb hover_title_font_container=\u00bbfont_size:12&#8243; hover_title_use_theme_fonts=\u00bbyes\u00bb hover_background_color=\u00bbcustom\u00bb use_custom_fonts_primary_title=\u00bbtrue\u00bb use_custom_fonts_hover_title=\u00bbtrue\u00bb hover_custom_background=\u00bb#ecbd11&#8243;][\/vc_hoverbox][\/vc_column_inner][vc_column_inner width=\u00bb1\/3&#8243; css=\u00bb.vc_custom_1463051549047{padding-right: 20px !important;padding-left: 20px !important;}\u00bb][vc_hoverbox [&hellip;]<\/p>\n","protected":false},"author":1,"featured_media":0,"parent":0,"menu_order":0,"comment_status":"closed","ping_status":"closed","template":"page.php","meta":{"footnotes":""},"class_list":["post-1729","page","type-page","status-publish","hentry"],"_links":{"self":[{"href":"https:\/\/custodiarltda.com\/index.php\/wp-json\/wp\/v2\/pages\/1729","targetHints":{"allow":["GET"]}}],"collection":[{"href":"https:\/\/custodiarltda.com\/index.php\/wp-json\/wp\/v2\/pages"}],"about":[{"href":"https:\/\/custodiarltda.com\/index.php\/wp-json\/wp\/v2\/types\/page"}],"author":[{"embeddable":true,"href":"https:\/\/custodiarltda.com\/index.php\/wp-json\/wp\/v2\/users\/1"}],"replies":[{"embeddable":true,"href":"https:\/\/custodiarltda.com\/index.php\/wp-json\/wp\/v2\/comments?post=1729"}],"version-history":[{"count":159,"href":"https:\/\/custodiarltda.com\/index.php\/wp-json\/wp\/v2\/pages\/1729\/revisions"}],"predecessor-version":[{"id":3634,"href":"https:\/\/custodiarltda.com\/index.php\/wp-json\/wp\/v2\/pages\/1729\/revisions\/3634"}],"wp:attachment":[{"href":"https:\/\/custodiarltda.com\/index.php\/wp-json\/wp\/v2\/media?parent=1729"}],"curies":[{"name":"wp","href":"https:\/\/api.w.org\/{rel}","templated":true}]}}