{"id":3541,"date":"2024-07-22T18:24:34","date_gmt":"2024-07-22T18:24:34","guid":{"rendered":"https:\/\/custodiarltda.com\/?page_id=3541"},"modified":"2025-10-27T19:12:42","modified_gmt":"2025-10-27T19:12:42","slug":"politica-sistema-integrado-de-gestion","status":"publish","type":"page","link":"https:\/\/custodiarltda.com\/index.php\/politica-sistema-integrado-de-gestion\/","title":{"rendered":"Pol\u00edtica Sistema Integrado de Gesti\u00f3n"},"content":{"rendered":"<p>[vc_row][vc_column]<div class=\"ult-spacer spacer-69eb8e8834976\" data-id=\"69eb8e8834976\" data-height=\"40\" data-height-mobile=\"40\" data-height-tab=\"40\" data-height-tab-portrait=\"\" data-height-mobile-landscape=\"\" style=\"clear:both;display:block;\"><\/div>[vc_column_text]CUSTODIAR LTDA., dedicada a prestar servicios de vigilancia y seguridad privada en todas sus modalidades y medios de apoyo en Colombia. Bajo el liderazgo de la alta gerencia, nos comprometemos a implementar y mejorar continuamente nuestros sistemas de gesti\u00f3n, articulando los procesos entre s\u00ed y desempe\u00f1\u00e1ndolos cabalmente, tanto para nuestros trabajadores, como para los contratistas y subcontratistas, somos responsables de cumplir con la legislaci\u00f3n vigente y las normativas aplicables, as\u00ed como de atender las necesidades y expectativas de nuestras partes interesadas. Para ello, tenemos en cuenta los siguientes lineamientos:<\/p>\n<ul>\n<li>Reconocer y respetar los derechos humanos universales en todas nuestras operaciones, con el fin de evitar cualquier forma de violaci\u00f3n de estos, tanto dentro como fuera de la empresa.<\/li>\n<li>Garantizar la satisfacci\u00f3n del cliente mediante la implementaci\u00f3n de medidas de seguridad efectivas y la atenci\u00f3n personalizada a sus necesidades y preocupaciones.<\/li>\n<li>Identificar y analizar los peligros y riesgos con el fin de evitar, prevenir y reducir la probabilidad de las consecuencias de eventos no deseables o perturbadores; determinar, analizar y evaluar los riesgos que impacten o puedan impactar a las personas, los procesos, los activos, las instalaciones, la informaci\u00f3n y las operaciones propias o de nuestros clientes, estimar los da\u00f1os, perdidas y consecuencias como resultado de su materializaci\u00f3n e implementar las medidas preventivas y de protecci\u00f3n para reducirlos y\/o controlarlos.<\/li>\n<li>Desarrollar en todas nuestras actividades el concepto de seguridad y prevenci\u00f3n, con el fin de disminuir la probabilidad de que los riesgos se materialicen, as\u00ed, evitar cualquier tipo de practica delictiva (Actos de narcotr\u00e1fico, lavado de activos y financiaci\u00f3n del terrorismo, contrabando, hurto, fraude, sabotaje, intrusi\u00f3n, corrupci\u00f3n y soborno, etc.)<\/li>\n<li>Promover la salud y la prevenci\u00f3n de lesiones y enfermedades laborales de todos los trabajadores de la compa\u00f1\u00eda, brindando el espacio para la participaci\u00f3n activa en la identificaci\u00f3n, mitigaci\u00f3n y control de las fuentes de riesgo logrando obtener condiciones seguras y saludables, mediante procesos de formaci\u00f3n, comunicaci\u00f3n e implementaci\u00f3n de acciones de mejoramiento continuo, brindando canales de comunicaci\u00f3n que facilitan la consulta y el aporte de los trabajadores.<\/li>\n<li>Prevenir la contaminaci\u00f3n mediante el control de los aspectos ambientales asociados a las actividades desarrolladas por nuestros servicios, reduciendo los impactos ambientales relacionados con el consumo de recursos naturales y con la generaci\u00f3n de residuos, continuar fomentando el desarrollo sostenible en la Compa\u00f1\u00eda.<\/li>\n<li>Promover y establecer las medidas de control necesarias para proteger la informaci\u00f3n y datos personales de nuestras partes interesadas, de todo tipo de amenazas, a trav\u00e9s del uso de las tecnolog\u00edas de informaci\u00f3n, manteniendo la confidencialidad, la disponibilidad y la integridad de la misma.<\/li>\n<li>Garantizar la continuidad de los servicios de seguridad privada, adoptando medidas de preparaci\u00f3n, prevenci\u00f3n, respuesta y recuperaci\u00f3n para aplicar de manera oportuna a eventos disruptivos, fortaleciendo la resiliencia organizacional y asegurando la confianza y tranquilidad de nuestros clientes y partes interesadas.<\/li>\n<li>Gestionar los riesgos de seguridad en la cadena de suministro, implementando controles en la selecci\u00f3n de proveedores, la trazabilidad de procesos, el transporte, el almacenamiento y el abastecimiento de recursos cr\u00edticos, de manera que se preserve la integridad de la operaci\u00f3n y se prevengan actos il\u00edcitos o interrupciones.<\/li>\n<li>Satisfacer los requisitos aplicables vigentes; legales y de otra \u00edndole a los que se suscriba la organizaci\u00f3n.<\/li>\n<li>Mantener la integridad de los procesos, respecto a la prevenci\u00f3n de delitos de corrupci\u00f3n y soborno, lavado de activos, entre otros.<\/li>\n<li>Promover la gesti\u00f3n segura de las tecnolog\u00edas de la informaci\u00f3n como herramienta clave para prevenir accesos no autorizados, p\u00e9rdidas de informaci\u00f3n y amenazas que puedan afectar la seguridad operativa y administrativa de la organizaci\u00f3n.<\/li>\n<\/ul>\n<p>Esta pol\u00edtica se revis\u00f3, actualiz\u00f3 y firm\u00f3 en el mes de septiembre de 2025 y tiene vigencia a partir de su publicaci\u00f3n.<\/p>\n<p><strong>\u00a0<\/strong><strong>\u00a0<\/strong><\/p>\n<p><strong>HERNEY GALLEGO GALLEGO<\/strong><\/p>\n<p>Representante legal[\/vc_column_text]<div class=\"ult-spacer spacer-69eb8e88349ab\" data-id=\"69eb8e88349ab\" data-height=\"40\" data-height-mobile=\"40\" data-height-tab=\"40\" data-height-tab-portrait=\"\" data-height-mobile-landscape=\"\" style=\"clear:both;display:block;\"><\/div>[\/vc_column][\/vc_row][vc_row][vc_column][\/vc_column][\/vc_row]<\/p>\n","protected":false},"excerpt":{"rendered":"<p>[vc_row][vc_column][vc_column_text]CUSTODIAR LTDA., dedicada a prestar servicios de vigilancia y seguridad privada en todas sus modalidades y medios de apoyo en Colombia. Bajo el liderazgo de la alta gerencia, nos comprometemos a implementar y mejorar continuamente nuestros sistemas de gesti\u00f3n, articulando los procesos entre s\u00ed y desempe\u00f1\u00e1ndolos cabalmente, tanto para nuestros trabajadores, como para los contratistas [&hellip;]<\/p>\n","protected":false},"author":1,"featured_media":2993,"parent":0,"menu_order":0,"comment_status":"closed","ping_status":"closed","template":"page.php","meta":{"footnotes":""},"class_list":["post-3541","page","type-page","status-publish","has-post-thumbnail","hentry"],"_links":{"self":[{"href":"https:\/\/custodiarltda.com\/index.php\/wp-json\/wp\/v2\/pages\/3541","targetHints":{"allow":["GET"]}}],"collection":[{"href":"https:\/\/custodiarltda.com\/index.php\/wp-json\/wp\/v2\/pages"}],"about":[{"href":"https:\/\/custodiarltda.com\/index.php\/wp-json\/wp\/v2\/types\/page"}],"author":[{"embeddable":true,"href":"https:\/\/custodiarltda.com\/index.php\/wp-json\/wp\/v2\/users\/1"}],"replies":[{"embeddable":true,"href":"https:\/\/custodiarltda.com\/index.php\/wp-json\/wp\/v2\/comments?post=3541"}],"version-history":[{"count":6,"href":"https:\/\/custodiarltda.com\/index.php\/wp-json\/wp\/v2\/pages\/3541\/revisions"}],"predecessor-version":[{"id":3553,"href":"https:\/\/custodiarltda.com\/index.php\/wp-json\/wp\/v2\/pages\/3541\/revisions\/3553"}],"wp:featuredmedia":[{"embeddable":true,"href":"https:\/\/custodiarltda.com\/index.php\/wp-json\/wp\/v2\/media\/2993"}],"wp:attachment":[{"href":"https:\/\/custodiarltda.com\/index.php\/wp-json\/wp\/v2\/media?parent=3541"}],"curies":[{"name":"wp","href":"https:\/\/api.w.org\/{rel}","templated":true}]}}