{"id":3554,"date":"2024-07-22T18:54:36","date_gmt":"2024-07-22T18:54:36","guid":{"rendered":"https:\/\/custodiarltda.com\/?page_id=3554"},"modified":"2025-03-07T13:51:35","modified_gmt":"2025-03-07T13:51:35","slug":"politica-de-prevencion-de-consumo-de-alcohol-tabaco-y-demas-sustancias-psicoactivas","status":"publish","type":"page","link":"https:\/\/custodiarltda.com\/index.php\/politica-de-prevencion-de-consumo-de-alcohol-tabaco-y-demas-sustancias-psicoactivas\/","title":{"rendered":"POL\u00cdTICA DE PREVENCI\u00d3N DE CONSUMO DE ALCOHOL, TABACO Y DEM\u00c1S SUSTANCIAS PSICOACTIVAS"},"content":{"rendered":"<p>[vc_row][vc_column]<div class=\"ult-spacer spacer-69eb8e6038d33\" data-id=\"69eb8e6038d33\" data-height=\"40\" data-height-mobile=\"40\" data-height-tab=\"40\" data-height-tab-portrait=\"\" data-height-mobile-landscape=\"\" style=\"clear:both;display:block;\"><\/div>[vc_column_text]<strong>CUSTODIAR LTDA.,<\/strong> comprometida con la gesti\u00f3n de la Seguridad y Salud en el Trabajo y con el fin de proteger la integridad f\u00edsica y mental de las personas (empleados, visitantes, contratistas, proveedores), prevenir da\u00f1os a la propiedad y medio ambiente y de promover estilos de vida saludables, elevar el bienestar, la seguridad y el buen desempe\u00f1o de sus colaboradores, establece e implementa esta pol\u00edtica de prevenci\u00f3n fundamentada en los siguientes compromisos:<\/p>\n<ul>\n<li>Prohibir a los empleados, contratistas, visitantes y proveedores la posesi\u00f3n, distribuci\u00f3n, compra y venta de bebidas alcoh\u00f3licas y dem\u00e1s sustancias psicoactivas, dentro de las sedes de la empresa y en los sitios en donde desempe\u00f1an sus funciones, as\u00ed como el ingreso bajo los efectos de estas sustancias o bajo sus efectos posteriores.<\/li>\n<li>Prohibir el consumo de tabaco, bebidas alcoh\u00f3licas y dem\u00e1s sustancias psicoactivas, durante el desarrollo de sus actividades y\/o funciones laborales dentro de las instalaciones de la empresa o en las instalaciones de nuestros clientes.<\/li>\n<li>Asignar los recursos econ\u00f3micos y el talento humano necesario para implementar, desarrollar y promover actividades de sensibilizaci\u00f3n y capacitaci\u00f3n para los trabajadores, contratistas y proveedores, orientadas a la creaci\u00f3n de h\u00e1bitos y estilos de vida saludables y a concientizarlos sobre los impactos negativos en la salud, calidad de vida y en su entorno laboral, social y familiar que causan estas sustancias.<\/li>\n<li>Nos comprometemos al cabal cumplimiento de la legislaci\u00f3n vigente aplicable y de los est\u00e1ndares a los que nos sometemos voluntariamente relacionados con la prevenci\u00f3n de consumo de alcohol, tabaco y dem\u00e1s sustancias psicoactivas.<\/li>\n<li>La compa\u00f1\u00eda aplicar\u00e1 de forma peri\u00f3dica y aleatoria a los empleados, las pruebas t\u00e9cnicas preliminares que sean necesarias para determinar y evidenciar el consumo de alcohol y\/o dem\u00e1s sustancias psicoactivas.<\/li>\n<li>Todos los trabajadores debemos mantener una conducta responsable y participativa en las acciones de sensibilizaci\u00f3n que promuevan el cumplimiento de esta pol\u00edtica y el mejoramiento de las condiciones laborales.<\/li>\n<li>El incumplimiento de los compromisos aqu\u00ed mencionados, implica la aplicaci\u00f3n de las sanciones previstas en el reglamento interno de trabajo y en el c\u00f3digo sustantivo del trabajo.<\/li>\n<\/ul>\n<p><strong>\u00a0<\/strong>Esta pol\u00edtica se revis\u00f3 y firm\u00f3 en el mes de marzo de 2025 y tiene vigencia a partir de su publicaci\u00f3n.<\/p>\n<p><strong>\u00a0<\/strong><\/p>\n<p><strong>HERNEY GALLEGO GALLEGO<\/strong><\/p>\n<p>Representante Legal[\/vc_column_text]<div class=\"ult-spacer spacer-69eb8e6038d73\" data-id=\"69eb8e6038d73\" data-height=\"40\" data-height-mobile=\"40\" data-height-tab=\"40\" data-height-tab-portrait=\"\" data-height-mobile-landscape=\"\" style=\"clear:both;display:block;\"><\/div>[\/vc_column][\/vc_row]<\/p>\n","protected":false},"excerpt":{"rendered":"<p>[vc_row][vc_column][vc_column_text]CUSTODIAR LTDA., comprometida con la gesti\u00f3n de la Seguridad y Salud en el Trabajo y con el fin de proteger la integridad f\u00edsica y mental de las personas (empleados, visitantes, contratistas, proveedores), prevenir da\u00f1os a la propiedad y medio ambiente y de promover estilos de vida saludables, elevar el bienestar, la seguridad y el buen [&hellip;]<\/p>\n","protected":false},"author":1,"featured_media":0,"parent":0,"menu_order":0,"comment_status":"closed","ping_status":"closed","template":"page.php","meta":{"footnotes":""},"class_list":["post-3554","page","type-page","status-publish","hentry"],"_links":{"self":[{"href":"https:\/\/custodiarltda.com\/index.php\/wp-json\/wp\/v2\/pages\/3554","targetHints":{"allow":["GET"]}}],"collection":[{"href":"https:\/\/custodiarltda.com\/index.php\/wp-json\/wp\/v2\/pages"}],"about":[{"href":"https:\/\/custodiarltda.com\/index.php\/wp-json\/wp\/v2\/types\/page"}],"author":[{"embeddable":true,"href":"https:\/\/custodiarltda.com\/index.php\/wp-json\/wp\/v2\/users\/1"}],"replies":[{"embeddable":true,"href":"https:\/\/custodiarltda.com\/index.php\/wp-json\/wp\/v2\/comments?post=3554"}],"version-history":[{"count":2,"href":"https:\/\/custodiarltda.com\/index.php\/wp-json\/wp\/v2\/pages\/3554\/revisions"}],"predecessor-version":[{"id":3643,"href":"https:\/\/custodiarltda.com\/index.php\/wp-json\/wp\/v2\/pages\/3554\/revisions\/3643"}],"wp:attachment":[{"href":"https:\/\/custodiarltda.com\/index.php\/wp-json\/wp\/v2\/media?parent=3554"}],"curies":[{"name":"wp","href":"https:\/\/api.w.org\/{rel}","templated":true}]}}