{"id":3601,"date":"2024-12-09T15:59:32","date_gmt":"2024-12-09T15:59:32","guid":{"rendered":"https:\/\/custodiarltda.com\/?page_id=3601"},"modified":"2025-03-07T13:39:47","modified_gmt":"2025-03-07T13:39:47","slug":"politica-para-la-prevencion-del-lavado-de-activos-financiamiento-del-terrorismo-y-financiamiento-de-la-proliferacion-de-armas-de-destruccion-masiva-laftfp","status":"publish","type":"page","link":"https:\/\/custodiarltda.com\/index.php\/politica-para-la-prevencion-del-lavado-de-activos-financiamiento-del-terrorismo-y-financiamiento-de-la-proliferacion-de-armas-de-destruccion-masiva-laftfp\/","title":{"rendered":"POL\u00cdTICA PARA LA PREVENCI\u00d3N DEL LAVADO DE ACTIVOS, FINANCIAMIENTO DEL TERRORISMO Y FINANCIAMIENTO DE LA PROLIFERACI\u00d3N DE ARMAS DE DESTRUCCI\u00d3N MASIVA (LAFTFP)"},"content":{"rendered":"<p>[vc_row][vc_column]<div class=\"ult-spacer spacer-69eb92257ac69\" data-id=\"69eb92257ac69\" data-height=\"60\" data-height-mobile=\"60\" data-height-tab=\"60\" data-height-tab-portrait=\"\" data-height-mobile-landscape=\"\" style=\"clear:both;display:block;\"><\/div>[vc_column_text]<strong>CUSTODIAR LTDA<\/strong>., prestadora de servicios de vigilancia y seguridad privada establece buenas pr\u00e1cticas empresariales de prevenci\u00f3n y administraci\u00f3n del Riesgo LAFTFP con el prop\u00f3sito de minimizar la oportunidad de que la empresa sea utilizada como instrumento para el lavado de activos, canalizaci\u00f3n de recursos hacia la realizaci\u00f3n de actividades terroristas, financiaci\u00f3n de la proliferaci\u00f3n de armas de destrucci\u00f3n masiva o cuando se pretenda el ocultamiento de activos provenientes de dichas actividades. Se considera las siguientes l\u00edneas orientadoras:<\/p>\n<ul>\n<li>Cumplir al marco de requisitos aplicables al sector, resaltando aquellos espec\u00edficos o relevantes.<\/li>\n<li>Atender las responsabilidades aplicables a la estructura organizacional SARLAFT 2.0 as\u00ed como de todos los empleados, para garantizar el cumplimiento de los reglamentos internos y la normativa relacionada con LA\/FT\/FP.<\/li>\n<li>Incorporar mecanismos para desarrollar las fases del proceso de gesti\u00f3n de riesgos LA\/FT\/FP y aplicar de forma eficaz los controles pertinentes.<\/li>\n<li>Realizar actividades que permitan fortalecer la cultura de gesti\u00f3n del riesgo de LA\/FT\/FP.<\/li>\n<li>Asignar recursos, competencias y capacidades para el eficaz funcionamiento del SARLAFT 2.0.<\/li>\n<li>Implementar acciones que permitan la mejora continua del sistema.<\/li>\n<\/ul>\n<p>Esta pol\u00edtica establece directrices que orientan la conducta de los colaboradores, asociados, administradores y dem\u00e1s vinculados y partes interesadas.<\/p>\n<p>Esta pol\u00edtica se revis\u00f3 y firm\u00f3 en el mes de marzo de 2025 y tiene vigencia a partir de su publicaci\u00f3n.<\/p>\n<p>&nbsp;<\/p>\n<p><strong>HERNEY GALLEGO GALLEGO<\/strong><\/p>\n<p>Representante Legal[\/vc_column_text]<div class=\"ult-spacer spacer-69eb92257ac95\" data-id=\"69eb92257ac95\" data-height=\"60\" data-height-mobile=\"60\" data-height-tab=\"60\" data-height-tab-portrait=\"\" data-height-mobile-landscape=\"\" style=\"clear:both;display:block;\"><\/div>[\/vc_column][\/vc_row]<\/p>\n","protected":false},"excerpt":{"rendered":"<p>[vc_row][vc_column][vc_column_text]CUSTODIAR LTDA., prestadora de servicios de vigilancia y seguridad privada establece buenas pr\u00e1cticas empresariales de prevenci\u00f3n y administraci\u00f3n del Riesgo LAFTFP con el prop\u00f3sito de minimizar la oportunidad de que la empresa sea utilizada como instrumento para el lavado de activos, canalizaci\u00f3n de recursos hacia la realizaci\u00f3n de actividades terroristas, financiaci\u00f3n de la proliferaci\u00f3n de [&hellip;]<\/p>\n","protected":false},"author":1,"featured_media":0,"parent":0,"menu_order":0,"comment_status":"closed","ping_status":"closed","template":"page.php","meta":{"footnotes":""},"class_list":["post-3601","page","type-page","status-publish","hentry"],"_links":{"self":[{"href":"https:\/\/custodiarltda.com\/index.php\/wp-json\/wp\/v2\/pages\/3601","targetHints":{"allow":["GET"]}}],"collection":[{"href":"https:\/\/custodiarltda.com\/index.php\/wp-json\/wp\/v2\/pages"}],"about":[{"href":"https:\/\/custodiarltda.com\/index.php\/wp-json\/wp\/v2\/types\/page"}],"author":[{"embeddable":true,"href":"https:\/\/custodiarltda.com\/index.php\/wp-json\/wp\/v2\/users\/1"}],"replies":[{"embeddable":true,"href":"https:\/\/custodiarltda.com\/index.php\/wp-json\/wp\/v2\/comments?post=3601"}],"version-history":[{"count":2,"href":"https:\/\/custodiarltda.com\/index.php\/wp-json\/wp\/v2\/pages\/3601\/revisions"}],"predecessor-version":[{"id":3637,"href":"https:\/\/custodiarltda.com\/index.php\/wp-json\/wp\/v2\/pages\/3601\/revisions\/3637"}],"wp:attachment":[{"href":"https:\/\/custodiarltda.com\/index.php\/wp-json\/wp\/v2\/media?parent=3601"}],"curies":[{"name":"wp","href":"https:\/\/api.w.org\/{rel}","templated":true}]}}