{"id":385,"date":"2020-07-01T15:05:25","date_gmt":"2020-07-01T15:05:25","guid":{"rendered":"http:\/\/demos.upperthemes.com\/alma\/site1\/?page_id=385"},"modified":"2025-06-08T17:47:52","modified_gmt":"2025-06-08T17:47:52","slug":"sobre-custodiar","status":"publish","type":"page","link":"https:\/\/custodiarltda.com\/index.php\/pages\/sobre-custodiar\/","title":{"rendered":"SOBRE NOSOTROS"},"content":{"rendered":"<p>[vc_row bg_type=\u00bbimage\u00bb parallax_style=\u00bbvcpb-default\u00bb bg_image_new=\u00bbid^2177|url^http:\/\/localhost\/pagina%20custodiar\/wp-content\/uploads\/2021\/09\/MG_3139-2.jpg|caption^null|alt^null|title^_MG_3139-2|description^null\u00bb bg_image_repeat=\u00bbno-repeat\u00bb bg_image_posiiton=\u00bb50%\u00bb bg_override=\u00bbex-full\u00bb enable_overlay=\u00bbenable_overlay_value\u00bb overlay_color=\u00bb#000000&#8243; seperator_enable=\u00bbseperator_enable_value\u00bb seperator_type=\u00bbtilt_left_seperator\u00bb seperator_position=\u00bbbottom_seperator\u00bb seperator_svg_height=\u00bb150&#8243; seperator_shape_background=\u00bb#ffffff\u00bb][vc_column][vc_empty_space height=\u00bb180px\u00bb]<div class=\"ult-animation  ult-animate-viewport  ult-no-mobile \" data-animate=\"fadeInUp\" data-animation-delay=\"0.3\" data-animation-duration=\"1\" data-animation-iteration=\"1\" style=\"opacity:0;\" data-opacity_start_effect=\"\">[vc_custom_heading text=\u00bb\u00bfQUI\u00c9NES SOMOS?\u00bb font_container=\u00bbtag:h2|text_align:left|color:%23fcfcfc\u00bb use_theme_fonts=\u00bbyes\u00bb]<\/div>[vc_empty_space height=\u00bb30px\u00bb]<div class=\"ult-animation  ult-animate-viewport  ult-no-mobile \" data-animate=\"fadeInUp\" data-animation-delay=\"0.3\" data-animation-duration=\"1\" data-animation-iteration=\"1\" style=\"opacity:0;\" data-opacity_start_effect=\"\"><\/div>[vc_empty_space height=\u00bb300px\u00bb][\/vc_column][\/vc_row][vc_row css=\u00bb.vc_custom_1531218125315{padding-top: 80px !important;padding-bottom: 100px !important;}\u00bb][vc_column]<div class=\"ult-animation  ult-animate-viewport  ult-no-mobile \" data-animate=\"fadeInUp\" data-animation-delay=\"0.3\" data-animation-duration=\"1\" data-animation-iteration=\"1\" style=\"opacity:0;\" data-opacity_start_effect=\"\">[vc_custom_heading text=\u00bb\u00bfQUI\u00c9NES SOMOS?\u00bb font_container=\u00bbtag:h4|text_align:center\u00bb use_theme_fonts=\u00bbyes\u00bb][vc_empty_space height=\u00bb25px\u00bb][vc_column_text]<\/p>\n<p style=\"text-align: center;\">Somos una compa\u00f1\u00eda con m\u00e1s de 35 a\u00f1os en el mercado, especialistas en OPTIMIZAR la protecci\u00f3n de las personas, los activos, las operaciones, los procesos, la informaci\u00f3n y el buen nombre de su organizaci\u00f3n, por medio de la implementaci\u00f3n de las MEJORES PR\u00c1CTICAS Y EST\u00c1NDARES EN SEGURIDAD F\u00cdSICA Y EN ADMINISTRACI\u00d3N DE RIESGOS, que prevengan el accionar delictivo dentro de la mejor relaci\u00f3n costo \u2013 beneficio.<\/p>\n<p>[\/vc_column_text]<\/div>[\/vc_column][\/vc_row][vc_row][vc_column][vc_empty_space][\/vc_column][\/vc_row][vc_row gap=\u00bb3&#8243; equal_height=\u00bbyes\u00bb css_animation=\u00bbnone\u00bb bg_type=\u00bbimage\u00bb parallax_style=\u00bbvcpb-default\u00bb bg_image_new=\u00bbid^2568|url^http:\/\/localhost\/pagina%20custodiar\/wp-content\/uploads\/2022\/02\/Recurso-1-1.jpg|caption^null|alt^null|title^Recurso 1|description^null\u00bb bg_image_repeat=\u00bbno-repeat\u00bb bg_override=\u00bbex-full\u00bb enable_overlay=\u00bbenable_overlay_value\u00bb css=\u00bb.vc_custom_1646757660960{padding-top: 120px !important;padding-bottom: 120px !important;background-color: #0f0f0f !important;}\u00bb][vc_column css_animation=\u00bbfadeInUp\u00bb width=\u00bb1\/2&#8243;][vc_custom_heading text=\u00bbMISI\u00d3N\u00bb font_container=\u00bbtag:h2|text_align:center|color:%23ffffff\u00bb use_theme_fonts=\u00bbyes\u00bb el_class=\u00bbalign-center\u00bb][vc_column_text]<\/p>\n<p style=\"text-align: center;\"><span style=\"color: #ffffff;\"><span class=\" yAbvcd\">Optimizar la protecci\u00f3n de las personas, las operaciones y los activos de cualquier organizaci\u00f3n, por medio de las mejores <\/span><strong><span class=\" yAbvcd\">PRACTICAS Y EST\u00c1NDARES EN SEGURIDAD F\u00cdSICA<\/span><span class=\" yAbvcd\">\u00a0y en\u00a0<\/span><span class=\" yAbvcd\">ADMINISTRACI\u00d3N DE RIESGOS<\/span><\/strong><span class=\" yAbvcd\"> que prevengan el accionar delictivo, dentro de la mejor relaci\u00f3n costo beneficio.<\/span><\/span><\/p>\n<p>[\/vc_column_text][\/vc_column][vc_column css_animation=\u00bbfadeInUp\u00bb width=\u00bb1\/2&#8243;][vc_custom_heading text=\u00bbVISI\u00d3N\u00bb font_container=\u00bbtag:h2|text_align:center|color:%23ffffff\u00bb use_theme_fonts=\u00bbyes\u00bb css_animation=\u00bbnone\u00bb el_class=\u00bbalign-center\u00bb][vc_column_text css_animation=\u00bbnone\u00bb]<\/p>\n<p style=\"text-align: center;\"><span style=\"color: #ffffff;\" data-olk-copy-source=\"MessageBody\">En 2030, Custodiar ser\u00e1 reconocida como la empresa l\u00edder que redefine la seguridad privada en Colombia, mediante una innovaci\u00f3n constante orientada al futuro. Nos posicionaremos como el socio estrat\u00e9gico de confianza para nuestros clientes, ofreciendo soluciones integrales a la medida, que combinan talento humano, recursos especializados y conocimientos actuales con tecnolog\u00edas emergentes, para crear entornos m\u00e1s seguros.<\/span><\/p>\n<p>[\/vc_column_text][\/vc_column][\/vc_row][vc_row content_placement=\u00bbmiddle\u00bb bg_type=\u00bbbg_color\u00bb bg_override=\u00bbex-full\u00bb css=\u00bb.vc_custom_1645549692285{padding-top: 100px !important;padding-bottom: 100px !important;background-color: #000000 !important;}\u00bb bg_color_value=\u00bb#f7f7f7&#8243;][vc_column css_animation=\u00bbfadeInUp\u00bb el_class=\u00bbwide-testimonials-mobile\u00bb]<div class=\"ult-animation  ult-animate-viewport  ult-no-mobile \" data-animate=\"fadeInUp\" data-animation-delay=\"0.3\" data-animation-duration=\"1\" data-animation-iteration=\"1\" style=\"opacity:0;\" data-opacity_start_effect=\"\">[vc_custom_heading text=\u00bb\u00bfQU\u00c9 METODOLOG\u00cdA DE TRABAJO UTILIZAMOS?\u00bb font_container=\u00bbtag:h4|text_align:center\u00bb use_theme_fonts=\u00bbyes\u00bb][vc_empty_space height=\u00bb25px\u00bb][vc_column_text]<\/p>\n<p style=\"text-align: center;\">Nuestra metodolog\u00eda se sustenta en las MEJORES PR\u00c1CTICAS Y EST\u00c1NDARES EN SEGURIDAD F\u00cdSICA Y EN ADMINISTRACI\u00d3N DE RIESGOS, eliminando la improvisaci\u00f3n y la subjetividad en el desarrollo de nuestras operaciones en seguridad y protecci\u00f3n.<\/p>\n<p>[\/vc_column_text][vc_btn title=\u00bbM\u00e1s informaci\u00f3n\u00bb align=\u00bbcenter\u00bb link=\u00bburl:https%3A%2F%2Fcustodiarltda.com%2Findex.php%2Fproceso-de-gestion-de-riesgos%2F|title:PROCESO%20DE%20GESTI%C3%93N%20DE%20RIESGOS\u00bb]<\/div>[\/vc_column][\/vc_row][vc_row bg_type=\u00bbimage\u00bb parallax_style=\u00bbvcpb-default\u00bb bg_image_new=\u00bbid^2179|url^http:\/\/localhost\/pagina%20custodiar\/wp-content\/uploads\/2021\/09\/familia-protegia-por-un-sevicio-de-vigilancia.jpg|caption^null|alt^null|title^familia protegia por un sevicio de vigilancia|description^null\u00bb bg_image_repeat=\u00bbno-repeat\u00bb bg_image_posiiton=\u00bb100px 100px.\u00bb bg_override=\u00bbex-full\u00bb enable_overlay=\u00bbenable_overlay_value\u00bb overlay_color=\u00bb#0f0f0f\u00bb overlay_pattern=\u00bbtransperant\u00bb overlay_pattern_opacity=\u00bb10&#8243; overlay_pattern_size=\u00bb165&#8243;][vc_column][vc_empty_space height=\u00bb50px\u00bb][vc_custom_heading text=\u00bb\u00abProtegemos lo que m\u00e1s amas y aprecias, generando entornos m\u00e1s seguros\u00ab.\u00bb font_container=\u00bbtag:h3|text_align:center|color:%23ffffff\u00bb use_theme_fonts=\u00bbyes\u00bb][vc_empty_space height=\u00bb50px\u00bb][\/vc_column][\/vc_row][vc_row bg_type=\u00bbimage\u00bb bg_override=\u00bbex-full\u00bb css=\u00bb.vc_custom_1618519759708{padding-top: 120px !important;padding-bottom: 80px !important;}\u00bb][vc_column][vc_row_inner][vc_column_inner][vc_custom_heading text=\u00bb\u00bfC\u00d3MO ESPECIALIZAMOS A NUESTRA GENTE?\u00bb font_container=\u00bbtag:h2|text_align:center\u00bb use_theme_fonts=\u00bbyes\u00bb][vc_column_text]<\/p>\n<p style=\"text-align: center;\">Profesionales en diferentes temas, permanentemente aportan conocimientos y pr\u00e1cticas actualizadas en seguridad f\u00edsica a nuestros colaboradores, facilitando la optimizaci\u00f3n de las condiciones de seguridad y protecci\u00f3n y el cumplimiento de nuestra promesa de servicio y la obligaci\u00f3n de medio.<\/p>\n<p>[\/vc_column_text][vc_empty_space][vc_single_image image=\u00bb1890&#8243; img_size=\u00bblarge\u00bb alignment=\u00bbcenter\u00bb onclick=\u00bbzoom\u00bb css_animation=\u00bbbottom-to-top\u00bb][\/vc_column_inner][\/vc_row_inner][\/vc_column][\/vc_row][vc_row bg_type=\u00bbimage\u00bb parallax_style=\u00bbvcpb-default\u00bb bg_image_new=\u00bbid^2131|url^http:\/\/localhost\/pagina%20custodiar\/wp-content\/uploads\/2021\/09\/EXPERIENCENCIA-EMPLEADOS.jpg|caption^null|alt^null|title^EXPERIENCENCIA EMPLEADOS|description^null\u00bb bg_image_repeat=\u00bbno-repeat\u00bb bg_override=\u00bbex-full\u00bb css=\u00bb.vc_custom_1632173660198{padding-top: 120px !important;padding-bottom: 120px !important;}\u00bb el_class=\u00bbalma-home-stats\u00bb][vc_column el_class=\u00bbwide-box-mobile\u00bb]<div class=\"ult-animation  ult-animate-viewport  ult-no-mobile \" data-animate=\"fadeInUp\" data-animation-delay=\"0.3\" data-animation-duration=\"1\" data-animation-iteration=\"1\" style=\"opacity:0;\" data-opacity_start_effect=\"\">[vc_row_inner][vc_column_inner width=\u00bb1\/3&#8243;]<div class=\"stats-block stats-left  \"><div class=\"aio-icon-left\"><div class=\"ult-just-icon-wrapper  \"><div class=\"align-icon\" style=\"text-align:center;\">\n<div class=\"aio-icon none \"  style=\"color:#ffffff;font-size:45px;display:inline-block;\">\n\t<i class=\"Defaults-group users\"><\/i>\n<\/div><\/div><\/div><\/div><div class=\"stats-desc\" id=\"counter-responsv-wrap-9306\"><div id=\"counter_256320057969eb76d74b24f\" data-id=\"counter_256320057969eb76d74b24f\"  data-ultimate-target='#counter-responsv-wrap-9306 .stats-number'  data-responsive-json-new='{\"font-size\":\"desktop:30px;\",\"line-height\":\"\"}'  class=\"stats-number ult-responsive\" style=\" color:rgba(255,255,255,0.5); font-family:&#039;Dosis&#039;;font-weight:600;color:#ffffff;\" data-speed=\"3\" data-counter-value=\"1357\" data-separator=\"none\" data-decimal=\".\">0<\/div><div id=\"counter_256320057969eb76d74b24f\"  data-ultimate-target='#counter-responsv-wrap-9306 .stats-text'  data-responsive-json-new='{\"font-size\":\"desktop:11px;\",\"line-height\":\"desktop:12px;\"}'  class=\"stats-text ult-responsive\" style=\"font-size:px; color:rgba(255,255,255,0.5); font-family:&#039;Heebo&#039;;font-weight:700;\">EMPLEADOS<\/div><\/div><\/div>[\/vc_column_inner][vc_column_inner width=\u00bb1\/3&#8243;]<div class=\"stats-block stats-left  \"><div class=\"aio-icon-left\"><div class=\"ult-just-icon-wrapper  \"><div class=\"align-icon\" style=\"text-align:center;\">\n<div class=\"aio-icon none \"  style=\"color:#ffffff;font-size:45px;display:inline-block;\">\n\t<i class=\"Defaults-cubes\"><\/i>\n<\/div><\/div><\/div><\/div><div class=\"stats-desc\" id=\"counter-responsv-wrap-3021\"><div id=\"counter_425138752769eb76d74b31a\" data-id=\"counter_425138752769eb76d74b31a\"  data-ultimate-target='#counter-responsv-wrap-3021 .stats-number'  data-responsive-json-new='{\"font-size\":\"desktop:30px;\",\"line-height\":\"\"}'  class=\"stats-number ult-responsive\" style=\" color:rgba(255,255,255,0.5); font-family:&#039;Dosis&#039;;font-weight:600;color:#ffffff;\" data-speed=\"3\" data-counter-value=\"130\" data-separator=\"none\" data-decimal=\".\">0<\/div><div id=\"counter_425138752769eb76d74b31a\"  data-ultimate-target='#counter-responsv-wrap-3021 .stats-text'  data-responsive-json-new='{\"font-size\":\"desktop:11px;\",\"line-height\":\"desktop:12px;\"}'  class=\"stats-text ult-responsive\" style=\"font-size:px; color:rgba(255,255,255,0.5); font-family:&#039;Heebo&#039;;font-weight:700;\">CLIENTES<\/div><\/div><\/div>[\/vc_column_inner][vc_column_inner width=\u00bb1\/3&#8243;]<div class=\"ult-spacer spacer-69eb76d74b35d\" data-id=\"69eb76d74b35d\" data-height=\"0\" data-height-mobile=\"40\" data-height-tab=\"\" data-height-tab-portrait=\"\" data-height-mobile-landscape=\"40\" style=\"clear:both;display:block;\"><\/div><div class=\"stats-block stats-left  \"><div class=\"aio-icon-left\"><div class=\"ult-just-icon-wrapper  \"><div class=\"align-icon\" style=\"text-align:center;\">\n<div class=\"aio-icon none \"  style=\"color:#ffffff;font-size:45px;display:inline-block;\">\n\t<i class=\"linearicons-shield\"><\/i>\n<\/div><\/div><\/div><\/div><div class=\"stats-desc\" id=\"counter-responsv-wrap-4830\"><div id=\"counter_316571024269eb76d74b3ef\" data-id=\"counter_316571024269eb76d74b3ef\"  data-ultimate-target='#counter-responsv-wrap-4830 .stats-number'  data-responsive-json-new='{\"font-size\":\"desktop:30px;\",\"line-height\":\"\"}'  class=\"stats-number ult-responsive\" style=\" color:rgba(255,255,255,0.5); font-family:&#039;Dosis&#039;;font-weight:600;color:#ffffff;\" data-speed=\"3\" data-counter-value=\"35\" data-separator=\"none\" data-decimal=\".\">0<\/div><div id=\"counter_316571024269eb76d74b3ef\"  data-ultimate-target='#counter-responsv-wrap-4830 .stats-text'  data-responsive-json-new='{\"font-size\":\"desktop:11px;\",\"line-height\":\"desktop:12px;\"}'  class=\"stats-text ult-responsive\" style=\"font-size:px; color:rgba(255,255,255,0.5); font-family:&#039;Heebo&#039;;font-weight:700;\">A\u00d1OS DE EXPERIENCIA<\/div><\/div><\/div>[\/vc_column_inner][\/vc_row_inner]<\/div>[\/vc_column][\/vc_row][vc_row][vc_column][vc_custom_heading text=\u00bb\u00bfC\u00d3MO MOTIVAMOS A NUESTROS COLABORADORES?\u00bb font_container=\u00bbtag:h2|text_align:center\u00bb use_theme_fonts=\u00bbyes\u00bb css=\u00bb.vc_custom_1618849726844{padding-top: 50px !important;padding-bottom: 0px !important;}\u00bb]<div id=\"ult-carousel-184304396069eb76d74b47f\" class=\"ult-carousel-wrapper  vc_custom_1618849706945  ult_horizontal\" data-gutter=\"15\" data-rtl=\"false\" ><div class=\"ult-carousel-307736439669eb76d74b44d \" >[vc_column_text]<img decoding=\"async\" class=\"alignnone wp-image-1681 lazyload\" data-src=\"https:\/\/custodiarltda.com\/wp-content\/uploads\/2021\/04\/ACOMPANARTE.png\" alt=\"\" width=\"221\" height=\"165\" src=\"data:image\/svg+xml;base64,PHN2ZyB3aWR0aD0iMSIgaGVpZ2h0PSIxIiB4bWxucz0iaHR0cDovL3d3dy53My5vcmcvMjAwMC9zdmciPjwvc3ZnPg==\" style=\"--smush-placeholder-width: 221px; --smush-placeholder-aspect-ratio: 221\/165;\" \/>Actividad que se realiza de forma quincenal, en la cual, un equipo compuesto por tres personas de diferentes \u00e1reas administrativas, visitan nocturnamente los puestos de trabajo de los vigilantes, compartir\u00e1n con el trabajador un caf\u00e9 con pan, con el fin de conocer de primera mano sus necesidades, quejas y solicitudes; a la vez se les dar\u00e1n a conocer los avances y situaci\u00f3n de la compa\u00f1\u00eda.[\/vc_column_text][vc_column_text]<img decoding=\"async\" class=\"alignnone wp-image-1684 lazyload\" data-src=\"https:\/\/custodiarltda.com\/wp-content\/uploads\/2021\/04\/FAMILIARIZARTE.png\" alt=\"\" width=\"224\" height=\"168\" src=\"data:image\/svg+xml;base64,PHN2ZyB3aWR0aD0iMSIgaGVpZ2h0PSIxIiB4bWxucz0iaHR0cDovL3d3dy53My5vcmcvMjAwMC9zdmciPjwvc3ZnPg==\" style=\"--smush-placeholder-width: 224px; --smush-placeholder-aspect-ratio: 224\/168;\" \/>Actividad que se realizar\u00e1 de forma semestral, mediante el desarrollo de actividades l\u00fadicas, culturales o recreativas, a las cuales el trabajador, podr\u00e1 asistir en compa\u00f1\u00eda de su familia.[\/vc_column_text][vc_column_text]<img decoding=\"async\" class=\"alignnone wp-image-1685 lazyload\" data-src=\"https:\/\/custodiarltda.com\/wp-content\/uploads\/2021\/04\/RECONOSER.png\" alt=\"\" width=\"222\" height=\"167\" src=\"data:image\/svg+xml;base64,PHN2ZyB3aWR0aD0iMSIgaGVpZ2h0PSIxIiB4bWxucz0iaHR0cDovL3d3dy53My5vcmcvMjAwMC9zdmciPjwvc3ZnPg==\" style=\"--smush-placeholder-width: 222px; --smush-placeholder-aspect-ratio: 222\/167;\" \/><strong>Mejor Empleado:<\/strong> Esta actividad se realiza de manera trimestral en la cual, por medio de una mini evaluaci\u00f3n de desempe\u00f1o, realizada por cada jefe directo, se eligen los mejores cuatro empleados por categor\u00eda y de ellos, se seleccionar\u00e1 el mejor de cada una, quien recibir\u00e1 un reconocimiento adicional, de estos cuatro finalistas seleccionar\u00e1 el mejor de todos, quien ser\u00e1 reconocido como el empleado del trimestre.<\/p>\n<p><strong>Excelencia Laboral:<\/strong> Se otorga a quienes demuestran un excelente desempe\u00f1o y actitud reflejados en la calidad uy oportunidad de su trabajo.<\/p>\n<p><strong>M\u00edstica Profesional:<\/strong> Exalta a los empleados que son ejemplo de la vivencia de los valores, principios y cultura organizacional.<\/p>\n<p><strong>Gesti\u00f3n de riesgos:<\/strong> Premia a aquellos trabajadores que previenen la materializaci\u00f3n de un riesgo de seguridad (f\u00edsica o industrial), gracias a su oportuno reporte, respuesta y gesti\u00f3n.<\/p>\n<p><strong>Innovaci\u00f3n y compromiso:<\/strong> Reconoce a aquellos empleados que presentan y concretan iniciativas reales para el mejoramiento de los procesos y reducci\u00f3n de gastos.[\/vc_column_text][vc_column_text]<img decoding=\"async\" class=\"alignnone wp-image-1682 lazyload\" data-src=\"https:\/\/custodiarltda.com\/wp-content\/uploads\/2021\/04\/COLABORARTE.png\" alt=\"\" width=\"221\" height=\"166\" src=\"data:image\/svg+xml;base64,PHN2ZyB3aWR0aD0iMSIgaGVpZ2h0PSIxIiB4bWxucz0iaHR0cDovL3d3dy53My5vcmcvMjAwMC9zdmciPjwvc3ZnPg==\" style=\"--smush-placeholder-width: 221px; --smush-placeholder-aspect-ratio: 221\/166;\" \/>Con el apoyo de la Ccf , nuestros colaboradores acceder\u00e1n a diferentes l\u00edneas de ahorro y cr\u00e9dito con tasas de inter\u00e9s diferenciales y preferenciales, de igual forma acceder\u00e1n a todas las actividades, convenios y beneficios adicionales que las mismas tengan.[\/vc_column_text][vc_column_text]<img decoding=\"async\" class=\"alignnone wp-image-3326 lazyload\" data-src=\"https:\/\/custodiarltda.com\/wp-content\/uploads\/2022\/08\/Recurso-1-100-300x169.jpg\" alt=\"\" width=\"238\" height=\"134\" data-srcset=\"https:\/\/custodiarltda.com\/wp-content\/uploads\/2022\/08\/Recurso-1-100-300x169.jpg 300w, https:\/\/custodiarltda.com\/wp-content\/uploads\/2022\/08\/Recurso-1-100.jpg 745w\" data-sizes=\"(max-width: 238px) 100vw, 238px\" src=\"data:image\/svg+xml;base64,PHN2ZyB3aWR0aD0iMSIgaGVpZ2h0PSIxIiB4bWxucz0iaHR0cDovL3d3dy53My5vcmcvMjAwMC9zdmciPjwvc3ZnPg==\" style=\"--smush-placeholder-width: 238px; --smush-placeholder-aspect-ratio: 238\/134;\" \/>Cada dos meses, se implementar\u00e1 un bolet\u00edn informativo interno denominado CustodiARTE, en el cual se presentar\u00e1n las noticias de inter\u00e9s de la empresa relacionadas con calidad, HSE, ingreso de nuevos clientes, celebraciones y fechas especiales, actividades de la cooperativa, adem\u00e1s de actividades de innovaci\u00f3n, clima y cultura organizacional y el desarrollo de la ruta al \u00e9xito 2025.[\/vc_column_text]<div class=\"ult-item-wrap\" data-animation=\"animated no-animation\"><div class=\"ult-spacer spacer-69eb76d74b4ee\" data-id=\"69eb76d74b4ee\" data-height=\"5\" data-height-mobile=\"5\" data-height-tab=\"5\" data-height-tab-portrait=\"\" data-height-mobile-landscape=\"\" style=\"clear:both;display:block;\"><\/div><\/div><\/div><\/div>\t\t\t<script type=\"text\/javascript\">\r\n\t\t\t\tjQuery(document).ready(function ($) {\r\n\t\t\t\t\tif( typeof jQuery('.ult-carousel-307736439669eb76d74b44d').slick == \"function\"){\r\n\t\t\t\t\t\t$('.ult-carousel-307736439669eb76d74b44d').slick({dots: true,autoplay: true,autoplaySpeed: 5000,speed: 300,infinite: true,arrows: true,nextArrow: '<button type=\"button\" role=\"button\" aria-label=\"Next\" style=\"color:#333333; font-size:20px;\" class=\"slick-next default\"><i class=\"ultsl-arrow-right4\"><\/i><\/button>',prevArrow: '<button type=\"button\" role=\"button\" aria-label=\"Previous\" style=\"color:#333333; font-size:20px;\" class=\"slick-prev default\"><i class=\"ultsl-arrow-left4\"><\/i><\/button>',slidesToScroll:1,slidesToShow:1,swipe: true,draggable: true,touchMove: true,pauseOnHover: true,pauseOnFocus: false,responsive: [\r\n\t\t\t\t\t\t\t{\r\n\t\t\t\t\t\t\t  breakpoint: 1026,\r\n\t\t\t\t\t\t\t  settings: {\r\n\t\t\t\t\t\t\t\tslidesToShow: 1,\r\n\t\t\t\t\t\t\t\tslidesToScroll: 1,  \r\n\t\t\t\t\t\t\t  }\r\n\t\t\t\t\t\t\t},\r\n\t\t\t\t\t\t\t{\r\n\t\t\t\t\t\t\t  breakpoint: 1025,\r\n\t\t\t\t\t\t\t  settings: {\r\n\t\t\t\t\t\t\t\tslidesToShow: 1,\r\n\t\t\t\t\t\t\t\tslidesToScroll: 1\r\n\t\t\t\t\t\t\t  }\r\n\t\t\t\t\t\t\t},\r\n\t\t\t\t\t\t\t{\r\n\t\t\t\t\t\t\t  breakpoint: 760,\r\n\t\t\t\t\t\t\t  settings: {\r\n\t\t\t\t\t\t\t\tslidesToShow: 1,\r\n\t\t\t\t\t\t\t\tslidesToScroll: 1\r\n\t\t\t\t\t\t\t  }\r\n\t\t\t\t\t\t\t}\r\n\t\t\t\t\t\t],pauseOnDotsHover: true,customPaging: function(slider, i) {\r\n                   return '<i type=\"button\" style= \"color:#333333;\" class=\"ultsl-record\" data-role=\"none\"><\/i>';\r\n                },});\r\n\t\t\t\t\t}\r\n\t\t\t\t});\r\n\t\t\t<\/script>\r\n\t\t\t[vc_media_grid style=\u00bbpagination\u00bb items_per_page=\u00bb3&#8243; grid_id=\u00bbvc_gid:1749403264467-30f90dfa-734a-4&#8243; include=\u00bb2812,2813,2814,2815,2816,2817&#8243;][\/vc_column][\/vc_row][vc_row][vc_column][vc_empty_space height=\u00bb50px\u00bb][\/vc_column][\/vc_row][vc_row][vc_column][vc_custom_heading text=\u00bb\u00bfEN D\u00d3NDE TENEMOS OPERACI\u00d3N?\u00bb font_container=\u00bbtag:h2|text_align:center|color:__USE_THEME_MAIN_COLOR__\u00bb use_theme_fonts=\u00bbyes\u00bb][\/vc_column][\/vc_row][vc_row][vc_column width=\u00bb2\/3&#8243;]<div class=\"ult-animation  ult-animate-viewport  ult-no-mobile \" data-animate=\"fadeInLeftBig\" data-animation-delay=\"0\" data-animation-duration=\"1\" data-animation-iteration=\"1\" style=\"opacity:0;\" data-opacity_start_effect=\"\">[vc_single_image image=\u00bb2188&#8243; img_size=\u00bblarge\u00bb alignment=\u00bbcenter\u00bb]<\/div>[\/vc_column][vc_column css_animation=\u00bbfadeInRight\u00bb width=\u00bb1\/3&#8243;][vc_column_text]<\/p>\n<p style=\"text-align: left;\"><strong>Sucursales y\/o Agencias<\/strong><\/p>\n<ul>\n<li>Pasto, Nari\u00f1o<\/li>\n<li>Manizales, Caldas<\/li>\n<li>Ibagu\u00e9, Tolima<\/li>\n<li style=\"text-align: left;\">Bucaramanga, Santander<\/li>\n<li style=\"text-align: left;\">Villavicencio, Meta<\/li>\n<li style=\"text-align: left;\">Pereira, Risaralda<\/li>\n<li style=\"text-align: left;\">Flandes, Tolima<\/li>\n<li style=\"text-align: left;\">Tunja, Boyac\u00e1<\/li>\n<li style=\"text-align: left;\">Neiva, Huila<\/li>\n<li style=\"text-align: left;\">Florencia, Caquet\u00e1<\/li>\n<li style=\"text-align: left;\">Yopal, Casanare<\/li>\n<li style=\"text-align: left;\">Leticia, Amazonas<\/li>\n<li style=\"text-align: left;\">Barranquilla, Atl\u00e1ntico<\/li>\n<li style=\"text-align: left;\">Santa Marta, Magdalena<\/li>\n<li style=\"text-align: left;\">Medell\u00edn, Antioquia<\/li>\n<\/ul>\n<p>[\/vc_column_text][\/vc_column][\/vc_row]<\/p>\n","protected":false},"excerpt":{"rendered":"<p>[vc_row bg_type=\u00bbimage\u00bb parallax_style=\u00bbvcpb-default\u00bb bg_image_new=\u00bbid^2177|url^http:\/\/localhost\/pagina%20custodiar\/wp-content\/uploads\/2021\/09\/MG_3139-2.jpg|caption^null|alt^null|title^_MG_3139-2|description^null\u00bb bg_image_repeat=\u00bbno-repeat\u00bb bg_image_posiiton=\u00bb50%\u00bb bg_override=\u00bbex-full\u00bb enable_overlay=\u00bbenable_overlay_value\u00bb overlay_color=\u00bb#000000&#8243; seperator_enable=\u00bbseperator_enable_value\u00bb seperator_type=\u00bbtilt_left_seperator\u00bb seperator_position=\u00bbbottom_seperator\u00bb seperator_svg_height=\u00bb150&#8243; seperator_shape_background=\u00bb#ffffff\u00bb][vc_column][vc_empty_space height=\u00bb180px\u00bb][vc_empty_space height=\u00bb30px\u00bb][vc_empty_space height=\u00bb300px\u00bb][\/vc_column][\/vc_row][vc_row css=\u00bb.vc_custom_1531218125315{padding-top: 80px !important;padding-bottom: 100px !important;}\u00bb][vc_column][\/vc_column][\/vc_row][vc_row][vc_column][vc_empty_space][\/vc_column][\/vc_row][vc_row gap=\u00bb3&#8243; equal_height=\u00bbyes\u00bb css_animation=\u00bbnone\u00bb bg_type=\u00bbimage\u00bb parallax_style=\u00bbvcpb-default\u00bb bg_image_new=\u00bbid^2568|url^http:\/\/localhost\/pagina%20custodiar\/wp-content\/uploads\/2022\/02\/Recurso-1-1.jpg|caption^null|alt^null|title^Recurso 1|description^null\u00bb bg_image_repeat=\u00bbno-repeat\u00bb bg_override=\u00bbex-full\u00bb enable_overlay=\u00bbenable_overlay_value\u00bb css=\u00bb.vc_custom_1646757660960{padding-top: 120px !important;padding-bottom: 120px !important;background-color: #0f0f0f !important;}\u00bb][vc_column css_animation=\u00bbfadeInUp\u00bb width=\u00bb1\/2&#8243;][vc_custom_heading text=\u00bbMISI\u00d3N\u00bb font_container=\u00bbtag:h2|text_align:center|color:%23ffffff\u00bb use_theme_fonts=\u00bbyes\u00bb el_class=\u00bbalign-center\u00bb][vc_column_text] Optimizar la protecci\u00f3n de las personas, las operaciones y los [&hellip;]<\/p>\n","protected":false},"author":2,"featured_media":0,"parent":368,"menu_order":0,"comment_status":"closed","ping_status":"closed","template":"page.php","meta":{"footnotes":""},"class_list":["post-385","page","type-page","status-publish","hentry"],"_links":{"self":[{"href":"https:\/\/custodiarltda.com\/index.php\/wp-json\/wp\/v2\/pages\/385","targetHints":{"allow":["GET"]}}],"collection":[{"href":"https:\/\/custodiarltda.com\/index.php\/wp-json\/wp\/v2\/pages"}],"about":[{"href":"https:\/\/custodiarltda.com\/index.php\/wp-json\/wp\/v2\/types\/page"}],"author":[{"embeddable":true,"href":"https:\/\/custodiarltda.com\/index.php\/wp-json\/wp\/v2\/users\/2"}],"replies":[{"embeddable":true,"href":"https:\/\/custodiarltda.com\/index.php\/wp-json\/wp\/v2\/comments?post=385"}],"version-history":[{"count":125,"href":"https:\/\/custodiarltda.com\/index.php\/wp-json\/wp\/v2\/pages\/385\/revisions"}],"predecessor-version":[{"id":3678,"href":"https:\/\/custodiarltda.com\/index.php\/wp-json\/wp\/v2\/pages\/385\/revisions\/3678"}],"up":[{"embeddable":true,"href":"https:\/\/custodiarltda.com\/index.php\/wp-json\/wp\/v2\/pages\/368"}],"wp:attachment":[{"href":"https:\/\/custodiarltda.com\/index.php\/wp-json\/wp\/v2\/media?parent=385"}],"curies":[{"name":"wp","href":"https:\/\/api.w.org\/{rel}","templated":true}]}}