{"id":489,"date":"2020-07-01T17:44:49","date_gmt":"2020-07-01T17:44:49","guid":{"rendered":"http:\/\/demos.upperthemes.com\/alma\/site1\/?page_id=489"},"modified":"2022-06-10T15:39:45","modified_gmt":"2022-06-10T15:39:45","slug":"se-parte-de-la-familia-custodiar-ltda","status":"publish","type":"page","link":"https:\/\/custodiarltda.com\/index.php\/pages\/se-parte-de-la-familia-custodiar-ltda\/","title":{"rendered":"TRABAJE CON NOSOTROS"},"content":{"rendered":"<p>[vc_row css=\u00bb.vc_custom_1528471507622{padding-top: 80px !important;padding-bottom: 80px !important;}\u00bb][vc_column width=\u00bb2\/3&#8243;][vc_custom_heading text=\u00bbTRABAJE CON NOSOTROS\u00bb font_container=\u00bbtag:h4|text_align:left\u00bb use_theme_fonts=\u00bbyes\u00bb][vc_empty_space height=\u00bb10px\u00bb][vc_column_text]Cont\u00e1ctanos llenado este formulario o vis\u00edtanos en nuestra sede de Bogot\u00e1.[\/vc_column_text][vc_empty_space height=\u00bb20px\u00bb]\n<div class=\"wpcf7 no-js\" id=\"wpcf7-f246-o1\" lang=\"en-US\" dir=\"ltr\" data-wpcf7-id=\"246\">\n<div class=\"screen-reader-response\"><p role=\"status\" aria-live=\"polite\" aria-atomic=\"true\"><\/p> <ul><\/ul><\/div>\n<form action=\"\/index.php\/wp-json\/wp\/v2\/pages\/489#wpcf7-f246-o1\" method=\"post\" class=\"wpcf7-form init\" aria-label=\"Contact form\" enctype=\"multipart\/form-data\" novalidate=\"novalidate\" data-status=\"init\">\n<fieldset class=\"hidden-fields-container\"><input type=\"hidden\" name=\"_wpcf7\" value=\"246\" \/><input type=\"hidden\" name=\"_wpcf7_version\" value=\"6.1.5\" \/><input type=\"hidden\" name=\"_wpcf7_locale\" value=\"en_US\" \/><input type=\"hidden\" name=\"_wpcf7_unit_tag\" value=\"wpcf7-f246-o1\" \/><input type=\"hidden\" name=\"_wpcf7_container_post\" value=\"0\" \/><input type=\"hidden\" name=\"_wpcf7_posted_data_hash\" value=\"\" \/>\n<\/fieldset>\n<div class=\"alma-form-simple\">\n\t<div class=\"f-name\">\n\t\t<p><span class=\"wpcf7-form-control-wrap\" data-name=\"your-name\"><input size=\"40\" maxlength=\"400\" class=\"wpcf7-form-control wpcf7-text wpcf7-validates-as-required\" aria-required=\"true\" aria-invalid=\"false\" placeholder=\"Nombre completo*\" value=\"\" type=\"text\" name=\"your-name\" \/><\/span>\n\t\t<\/p>\n\t<\/div>\n\t<div class=\"f-email\">\n\t\t<p><span class=\"wpcf7-form-control-wrap\" data-name=\"your-email\"><input size=\"40\" maxlength=\"400\" class=\"wpcf7-form-control wpcf7-email wpcf7-validates-as-required wpcf7-text wpcf7-validates-as-email\" aria-required=\"true\" aria-invalid=\"false\" placeholder=\"Email*\" value=\"\" type=\"email\" name=\"your-email\" \/><\/span>\n\t\t<\/p>\n\t<\/div>\n\t<div class=\"f-cedula\">\n\t\t<p><span class=\"wpcf7-form-control-wrap\" data-name=\"your-cedula\"><input size=\"40\" maxlength=\"400\" class=\"wpcf7-form-control wpcf7-text wpcf7-validates-as-required\" aria-required=\"true\" aria-invalid=\"false\" placeholder=\"cedula *\" value=\"\" type=\"text\" name=\"your-cedula\" \/><\/span>\n\t\t<\/p>\n\t<\/div>\n\t<div class=\"f-celular\">\n\t\t<p><span class=\"wpcf7-form-control-wrap\" data-name=\"your-celular\"><input size=\"40\" maxlength=\"400\" class=\"wpcf7-form-control wpcf7-text wpcf7-validates-as-required\" aria-required=\"true\" aria-invalid=\"false\" placeholder=\"Celular *\" value=\"\" type=\"text\" name=\"your-celular\" \/><\/span>\n\t\t<\/p>\n\t<\/div>\n\t<div class=\"f-subject\">\n\t\t<p><span class=\"wpcf7-form-control-wrap\" data-name=\"menu-781\"><select class=\"wpcf7-form-control wpcf7-select\" aria-invalid=\"false\" name=\"menu-781\"><option value=\"Cargo al que se postula*\">Cargo al que se postula*<\/option><option value=\"Guarda de seguridad Siberia\">Guarda de seguridad Siberia<\/option><option value=\"Guarda de seguridad simon bolivar norte\">Guarda de seguridad simon bolivar norte<\/option><option value=\"Guarda de seguridad Nivel Nacional\">Guarda de seguridad Nivel Nacional<\/option><option value=\"Guarda de seguridad condici\u00f3n de discapacidad\">Guarda de seguridad condici\u00f3n de discapacidad<\/option><option value=\"Guarda de seguridad zona norte\">Guarda de seguridad zona norte<\/option><option value=\"Guarda de seguridad localidad Engativ\u00e1\">Guarda de seguridad localidad Engativ\u00e1<\/option><option value=\"Guarda de seguridad localidad suba\">Guarda de seguridad localidad suba<\/option><option value=\"Manejador canino\">Manejador canino<\/option><option value=\"Otro\">Otro<\/option><\/select><\/span>\n\t\t<\/p>\n\t<\/div>\n\t<div class=\"f-Direccion\">\n\t\t<p><span class=\"wpcf7-form-control-wrap\" data-name=\"your-message\"><textarea cols=\"40\" rows=\"10\" maxlength=\"2000\" class=\"wpcf7-form-control wpcf7-textarea wpcf7-validates-as-required\" aria-required=\"true\" aria-invalid=\"false\" placeholder=\"Direcci\u00f3n de residencia *\" name=\"your-message\"><\/textarea><\/span>\n\t\t<\/p>\n\t<\/div>\n\t<p>Sexo<br \/>\n<span class=\"wpcf7-form-control-wrap\" data-name=\"Sexo\"><span class=\"wpcf7-form-control wpcf7-radio\"><span class=\"wpcf7-list-item first\"><input type=\"radio\" name=\"Sexo\" value=\"Masculino\" checked=\"checked\" \/><span class=\"wpcf7-list-item-label\">Masculino<\/span><\/span><span class=\"wpcf7-list-item last\"><input type=\"radio\" name=\"Sexo\" value=\"Femenino\" \/><span class=\"wpcf7-list-item-label\">Femenino<\/span><\/span><\/span><\/span><br \/>\nHOJA DE VIDA<br \/>\n<span class=\"wpcf7-form-control-wrap\" data-name=\"file-263\"><input size=\"40\" class=\"wpcf7-form-control wpcf7-file\" accept=\".pdf,.doc,.docx\" aria-invalid=\"false\" type=\"file\" name=\"file-263\" \/><\/span>\n\t<\/p>\n\t<div class=\"agree-terms\">\n\t<\/div>\n\t<p>Para continuar es importante leer y aceptar la <a href=\"https:\/\/custodiarltda.com\/index.php\/politica-de-tratamiento-de-datos-personales\/\"> Pol\u00edtica de tratamiento de datos personales.<\/a><br \/>\n<span class=\"wpcf7-form-control-wrap\" data-name=\"aceptolapoliticadetratamientodedatos\"><span class=\"wpcf7-form-control wpcf7-checkbox wpcf7-validates-as-required\"><span class=\"wpcf7-list-item first last\"><label><input type=\"checkbox\" name=\"aceptolapoliticadetratamientodedatos[]\" value=\"Acepta el uso de sus Datos Personales.\" \/><span class=\"wpcf7-list-item-label\">Acepta el uso de sus Datos Personales.<\/span><\/label><\/span><\/span><\/span>\n\t<\/p>\n<\/div>\n<div class=\"bt-contact align-center\">\n\t<p><a><span><input class=\"wpcf7-form-control wpcf7-submit has-spinner\" type=\"submit\" value=\"ENVIAR\" \/><\/span><\/a>\n\t<\/p>\n<\/div>\n\n<p style=\"display: none !important;\" class=\"akismet-fields-container\" data-prefix=\"_wpcf7_ak_\"><label>&#916;<textarea name=\"_wpcf7_ak_hp_textarea\" cols=\"45\" rows=\"8\" maxlength=\"100\"><\/textarea><\/label><input type=\"hidden\" id=\"ak_js_1\" name=\"_wpcf7_ak_js\" value=\"121\"\/><script>document.getElementById( \"ak_js_1\" ).setAttribute( \"value\", ( new Date() ).getTime() );<\/script><\/p><div class=\"wpcf7-response-output\" aria-hidden=\"true\"><\/div>\n<\/form>\n<\/div>\n[\/vc_column][vc_column width=\u00bb1\/3&#8243; el_class=\u00bbbox-paddingl\u00bb][vc_custom_heading text=\u00bbDOCUMENTOS REQUERIDOS\u00bb font_container=\u00bbtag:h3|text_align:center\u00bb use_theme_fonts=\u00bbyes\u00bb][vc_icon icon_fontawesome=\u00bbfas fa-file-download\u00bb color=\u00bbcustom\u00bb size=\u00bbxl\u00bb align=\u00bbcenter\u00bb link=\u00bburl:https%3A%2F%2Fcustodiarltda.com%2Fwp-content%2Fuploads%2F2021%2F05%2Frequisitos_cargos_operativos.pdf|target:_blank\u00bb custom_color=\u00bb#ecbd11&#8243;]<div id=\"ultimate-heading-620569eb7ac6470f6\" class=\"uvc-heading ult-adjust-bottom-margin ultimate-heading-620569eb7ac6470f6 uvc-9481 \" data-hspacer=\"no_spacer\"  data-halign=\"center\" style=\"text-align:center\"><div class=\"uvc-heading-spacer no_spacer\" style=\"top\"><\/div><div class=\"uvc-sub-heading ult-responsive\"  data-ultimate-target='.uvc-heading.ultimate-heading-620569eb7ac6470f6 .uvc-sub-heading '  data-responsive-json-new='{\"font-size\":\"\",\"line-height\":\"\"}'  style=\"font-weight:normal;\">Descargue documentos requeridos cargos operativos<\/div><\/div>[vc_custom_heading text=\u00bbANTECEDENTES PROCURADUR\u00cdA\u00bb font_container=\u00bbtag:h3|text_align:center\u00bb use_theme_fonts=\u00bbyes\u00bb][vc_single_image image=\u00bb1925&#8243; alignment=\u00bbcenter\u00bb onclick=\u00bbcustom_link\u00bb img_link_target=\u00bb_blank\u00bb link=\u00bbhttps:\/\/www.procuraduria.gov.co\/portal\/Certificado-de-Antecedentes.page\u00bb][vc_custom_heading text=\u00bbANTECEDENTES JUDICIALES\u00bb font_container=\u00bbtag:h3|text_align:center\u00bb use_theme_fonts=\u00bbyes\u00bb][vc_single_image image=\u00bb1924&#8243; alignment=\u00bbcenter\u00bb onclick=\u00bbcustom_link\u00bb img_link_target=\u00bb_blank\u00bb link=\u00bbhttps:\/\/antecedentes.policia.gov.co:7005\/WebJudicial\/\u00bb][vc_empty_space height=\u00bb10px\u00bb]<div class=\"ult-spacer spacer-69eb7ac647152\" data-id=\"69eb7ac647152\" data-height=\"0\" data-height-mobile=\"40\" data-height-tab=\"\" data-height-tab-portrait=\"\" data-height-mobile-landscape=\"40\" style=\"clear:both;display:block;\"><\/div>[\/vc_column][\/vc_row][vc_row bg_type=\u00bbimage\u00bb parallax_style=\u00bbvcpb-default\u00bb bg_image_new=\u00bbid^2642|url^http:\/\/localhost\/pagina%20custodiar\/wp-content\/uploads\/2022\/03\/trabaja-con-nosotros-_1-1.jpg|caption^null|alt^null|title^trabaja con nosotros _1|description^null\u00bb bg_image_repeat=\u00bbno-repeat\u00bb bg_override=\u00bbex-full\u00bb enable_overlay=\u00bbenable_overlay_value\u00bb overlay_color=\u00bbrgba(0,0,0,0.02)\u00bb css=\u00bb.vc_custom_1646832344205{padding-top: 100px !important;padding-bottom: 100px !important;}\u00bb][vc_column][vc_row_inner][vc_column_inner width=\u00bb1\/4&#8243;][vc_column_text]<\/p>\n<h5><span style=\"color: #ffffff;\">HORARIO DE ATENCI\u00d3N<\/span><\/h5>\n<p><span style=\"color: #ffffff;\"><strong>Lunes a viernes<\/strong>: 7:00 am\/ 5:00pm<\/span><br \/>\n<span style=\"color: #ffffff;\"><strong>S\u00e1bado<\/strong>: Cerrado<\/span><br \/>\n<span style=\"color: #ffffff;\"><strong>Domingo<\/strong>: Cerrado<\/span>[\/vc_column_text][\/vc_column_inner][vc_column_inner width=\u00bb1\/4&#8243;]<div class=\"ult-spacer spacer-69eb7ac647182\" data-id=\"69eb7ac647182\" data-height=\"\" data-height-mobile=\"40\" data-height-tab=\"\" data-height-tab-portrait=\"\" data-height-mobile-landscape=\"40\" style=\"clear:both;display:block;\"><\/div>[vc_column_text]<\/p>\n<h5><span style=\"color: #ffffff;\">EMAIL<\/span><\/h5>\n<p><span style=\"color: #ffffff;\">comercial@custodiarltda.com<\/span>[\/vc_column_text][\/vc_column_inner][vc_column_inner width=\u00bb1\/4&#8243;]<div class=\"ult-spacer spacer-69eb7ac64719c\" data-id=\"69eb7ac64719c\" data-height=\"\" data-height-mobile=\"40\" data-height-tab=\"\" data-height-tab-portrait=\"\" data-height-mobile-landscape=\"40\" style=\"clear:both;display:block;\"><\/div>[vc_column_text]<\/p>\n<h5><span style=\"color: #ffffff;\">LL\u00c1MENOS<\/span><\/h5>\n<p><span style=\"color: #ffffff;\"><strong>Bogot\u00e1: <\/strong>(60+1) 7 957 570 \/\u00a0 \u00a0 \u00a0 \u00a0 \u00a0(60+1) 7 957 590<\/span>[\/vc_column_text][\/vc_column_inner][vc_column_inner width=\u00bb1\/4&#8243;]<div class=\"ult-spacer spacer-69eb7ac6471ac\" data-id=\"69eb7ac6471ac\" data-height=\"\" data-height-mobile=\"40\" data-height-tab=\"\" data-height-tab-portrait=\"\" data-height-mobile-landscape=\"40\" style=\"clear:both;display:block;\"><\/div>[vc_column_text]<\/p>\n<h5><span style=\"color: #ffffff;\">DIRECCI\u00d3N<\/span><\/h5>\n<div class=\"w-iconbox-icon\"><span style=\"color: #ffffff;\">Calle 73 No 20b \u2013 39, Bogot\u00e1, Colombia<\/span><\/div>\n<p>[\/vc_column_text][\/vc_column_inner][\/vc_row_inner][\/vc_column][\/vc_row]<\/p>\n","protected":false},"excerpt":{"rendered":"<p>[vc_row css=\u00bb.vc_custom_1528471507622{padding-top: 80px !important;padding-bottom: 80px !important;}\u00bb][vc_column width=\u00bb2\/3&#8243;][vc_custom_heading text=\u00bbTRABAJE CON NOSOTROS\u00bb font_container=\u00bbtag:h4|text_align:left\u00bb use_theme_fonts=\u00bbyes\u00bb][vc_empty_space height=\u00bb10px\u00bb][vc_column_text]Cont\u00e1ctanos llenado este formulario o vis\u00edtanos en nuestra sede de Bogot\u00e1.[\/vc_column_text][vc_empty_space height=\u00bb20px\u00bb][\/vc_column][vc_column width=\u00bb1\/3&#8243; el_class=\u00bbbox-paddingl\u00bb][vc_custom_heading text=\u00bbDOCUMENTOS REQUERIDOS\u00bb font_container=\u00bbtag:h3|text_align:center\u00bb use_theme_fonts=\u00bbyes\u00bb][vc_icon icon_fontawesome=\u00bbfas fa-file-download\u00bb color=\u00bbcustom\u00bb size=\u00bbxl\u00bb align=\u00bbcenter\u00bb link=\u00bburl:https%3A%2F%2Fcustodiarltda.com%2Fwp-content%2Fuploads%2F2021%2F05%2Frequisitos_cargos_operativos.pdf|target:_blank\u00bb custom_color=\u00bb#ecbd11&#8243;][vc_custom_heading text=\u00bbANTECEDENTES PROCURADUR\u00cdA\u00bb font_container=\u00bbtag:h3|text_align:center\u00bb use_theme_fonts=\u00bbyes\u00bb][vc_single_image image=\u00bb1925&#8243; alignment=\u00bbcenter\u00bb onclick=\u00bbcustom_link\u00bb img_link_target=\u00bb_blank\u00bb link=\u00bbhttps:\/\/www.procuraduria.gov.co\/portal\/Certificado-de-Antecedentes.page\u00bb][vc_custom_heading text=\u00bbANTECEDENTES JUDICIALES\u00bb font_container=\u00bbtag:h3|text_align:center\u00bb use_theme_fonts=\u00bbyes\u00bb][vc_single_image image=\u00bb1924&#8243; alignment=\u00bbcenter\u00bb onclick=\u00bbcustom_link\u00bb img_link_target=\u00bb_blank\u00bb link=\u00bbhttps:\/\/antecedentes.policia.gov.co:7005\/WebJudicial\/\u00bb][vc_empty_space [&hellip;]<\/p>\n","protected":false},"author":2,"featured_media":0,"parent":368,"menu_order":0,"comment_status":"closed","ping_status":"closed","template":"page.php","meta":{"footnotes":""},"class_list":["post-489","page","type-page","status-publish","hentry"],"_links":{"self":[{"href":"https:\/\/custodiarltda.com\/index.php\/wp-json\/wp\/v2\/pages\/489","targetHints":{"allow":["GET"]}}],"collection":[{"href":"https:\/\/custodiarltda.com\/index.php\/wp-json\/wp\/v2\/pages"}],"about":[{"href":"https:\/\/custodiarltda.com\/index.php\/wp-json\/wp\/v2\/types\/page"}],"author":[{"embeddable":true,"href":"https:\/\/custodiarltda.com\/index.php\/wp-json\/wp\/v2\/users\/2"}],"replies":[{"embeddable":true,"href":"https:\/\/custodiarltda.com\/index.php\/wp-json\/wp\/v2\/comments?post=489"}],"version-history":[{"count":26,"href":"https:\/\/custodiarltda.com\/index.php\/wp-json\/wp\/v2\/pages\/489\/revisions"}],"predecessor-version":[{"id":3070,"href":"https:\/\/custodiarltda.com\/index.php\/wp-json\/wp\/v2\/pages\/489\/revisions\/3070"}],"up":[{"embeddable":true,"href":"https:\/\/custodiarltda.com\/index.php\/wp-json\/wp\/v2\/pages\/368"}],"wp:attachment":[{"href":"https:\/\/custodiarltda.com\/index.php\/wp-json\/wp\/v2\/media?parent=489"}],"curies":[{"name":"wp","href":"https:\/\/api.w.org\/{rel}","templated":true}]}}